{"id":15662,"date":"2023-09-30T13:39:58","date_gmt":"2023-09-30T13:39:58","guid":{"rendered":"https:\/?post_type=product&#038;p=15662"},"modified":"2024-01-17T06:38:08","modified_gmt":"2024-01-17T06:38:08","slug":"makita-ddf483rfj-18-volt-30-ah-lityum-akulu-matkap-vidalama-cift-akulu","status":"publish","type":"product","link":"https:\/\/hirdavatustasi.com\/en\/urun\/makita-ddf483rfj-18-volt-30-ah-lityum-akulu-matkap-vidalama-cift-akulu\/","title":{"rendered":"Makita DDF483RFJ 18 Volt -3,0 Ah Lityum Ak\u00fcl\u00fc Matkap Vidalama (\u00c7ift Ak\u00fcl\u00fc)"},"content":{"rendered":"<h1 id=\"product-name\" class=\"product-name best-price-trick\" data-bind=\"markupText: 'productName', event: {mouseup: handleMouseUpForProductName}\">Makita DDF483RFJ 18 Volt -3,0 Ah Lityum Ak\u00fcl\u00fc Matkap Vidalama (\u00c7ift Ak\u00fcl\u00fc)<\/h1>\n","protected":false},"excerpt":{"rendered":"<h1 id=\"product-name\" class=\"product-name best-price-trick\" data-bind=\"markupText: 'productName', event: {mouseup: handleMouseUpForProductName}\">Makita DDF483RFJ 18 Volt -3,0 Ah Lityum Ak\u00fcl\u00fc Matkap Vidalama (\u00c7ift Ak\u00fcl\u00fc)<\/h1>\n","protected":false},"featured_media":15663,"comment_status":"open","ping_status":"closed","template":"","meta":[],"product_cat":[175,176,69,161],"product_tag":[],"class_list":{"0":"post-15662","1":"product","2":"type-product","3":"status-publish","4":"has-post-thumbnail","6":"product_cat-akulu-el-aletleri","7":"product_cat-akulu-matkaplar","8":"product_cat-hirdavat","9":"product_cat-matkaplar","11":"first","12":"outofstock","13":"taxable","14":"shipping-taxable","15":"purchasable","16":"product-type-simple"},"_links":{"self":[{"href":"https:\/\/hirdavatustasi.com\/en\/wp-json\/wp\/v2\/product\/15662","targetHints":{"allow":["GET"]}}],"collection":[{"href":"https:\/\/hirdavatustasi.com\/en\/wp-json\/wp\/v2\/product"}],"about":[{"href":"https:\/\/hirdavatustasi.com\/en\/wp-json\/wp\/v2\/types\/product"}],"replies":[{"embeddable":true,"href":"https:\/\/hirdavatustasi.com\/en\/wp-json\/wp\/v2\/comments?post=15662"}],"version-history":[{"count":1,"href":"https:\/\/hirdavatustasi.com\/en\/wp-json\/wp\/v2\/product\/15662\/revisions"}],"predecessor-version":[{"id":15664,"href":"https:\/\/hirdavatustasi.com\/en\/wp-json\/wp\/v2\/product\/15662\/revisions\/15664"}],"wp:featuredmedia":[{"embeddable":true,"href":"https:\/\/hirdavatustasi.com\/en\/wp-json\/wp\/v2\/media\/15663"}],"wp:attachment":[{"href":"https:\/\/hirdavatustasi.com\/en\/wp-json\/wp\/v2\/media?parent=15662"}],"wp:term":[{"taxonomy":"product_cat","embeddable":true,"href":"https:\/\/hirdavatustasi.com\/en\/wp-json\/wp\/v2\/product_cat?post=15662"},{"taxonomy":"product_tag","embeddable":true,"href":"https:\/\/hirdavatustasi.com\/en\/wp-json\/wp\/v2\/product_tag?post=15662"}],"curies":[{"name":"wp","href":"https:\/\/api.w.org\/{rel}","templated":true}]}}