{"id":15669,"date":"2023-09-30T14:16:22","date_gmt":"2023-09-30T14:16:22","guid":{"rendered":"https:\/?post_type=product&#038;p=15669"},"modified":"2026-01-20T11:48:20","modified_gmt":"2026-01-20T11:48:20","slug":"kama-kdk10000ce-dizel-jenerator-aku-dahildir","status":"publish","type":"product","link":"https:\/\/hirdavatustasi.com\/en\/urun\/kama-kdk10000ce-dizel-jenerator-aku-dahildir\/","title":{"rendered":"Kama KDK10000CE Dizel Jenerat\u00f6r  (Ak\u00fc Dahildir)"},"content":{"rendered":"<h1>Kama KDK10000CE Dizel Jenerat\u00f6r (Ak\u00fc Dahildir)<\/h1>\n<p><strong>Kama KDK10000CE Dizel Jenerat\u00f6r<\/strong>, y\u00fcksek performansl\u0131 ve ekonomik bir dizel jenerat\u00f6r modelidir. Bu jenerat\u00f6r, 7,5 kW maksimum g\u00fc\u00e7 ve 6,8 kW s\u00fcrekli g\u00fc\u00e7 sa\u011flayabilir. Ayr\u0131ca, 12,5 litrelik yak\u0131t deposu ile 8,5 saat s\u00fcrekli \u00e7al\u0131\u015fma s\u00fcresi sunar. Bu jenerat\u00f6r, ipli veya mar\u015fl\u0131 olarak \u00e7al\u0131\u015ft\u0131r\u0131labilir ve dijital g\u00f6sterge ekran\u0131 ile kolayca kontrol edilebilir. Bu jenerat\u00f6r, 1 silindirli hava so\u011futmal\u0131 motoru, 15W40 ya\u011f tipi ve Euro Dizel yak\u0131t tipi ile hem verimli hem de \u00e7evre dostu bir se\u00e7imdir. <strong>Kama KDK 10000CE Dizel Jenerat\u00f6r<\/strong>, 77 dBA ses seviyesi ile olduk\u00e7a sessiz \u00e7al\u0131\u015f\u0131r ve 124 kg a\u011f\u0131rl\u0131\u011f\u0131 ile kolayca ta\u015f\u0131nabilir. Bu jenerat\u00f6r, monofaze \u00e7\u0131k\u0131\u015f voltaj\u0131 ve frekans\u0131 ile ev, ofis, i\u015f yeri, kamp, tarla gibi bir\u00e7ok alanda elektrik ihtiyac\u0131n\u0131 kar\u015f\u0131layabilir.<\/p>\n<p><strong>Kama KDK10000CE Dizel Jenerat\u00f6r<\/strong>, g\u00fcvenilir, kaliteli ve uygun fiyatl\u0131 bir dizel jenerat\u00f6r arayanlar i\u00e7in ideal bir se\u00e7imdir. Bu jenerat\u00f6r, elektrik kesintilerine kar\u015f\u0131 haz\u0131rl\u0131kl\u0131 olman\u0131z\u0131 ve elektri\u011fe ba\u011fl\u0131 ya\u015fam kalitenizi koruman\u0131z\u0131 sa\u011flar. Bu jenerat\u00f6r\u00fc tercih ederek, hem kendiniz hem de sevdikleriniz i\u00e7in konforlu ve g\u00fcvenli bir ortam yaratabilirsiniz. <strong>Kama KDK10000CE Dizel Jenerat\u00f6r<\/strong>, size elektrik enerjisi sa\u011flarken, siz de hayat\u0131n\u0131z\u0131n tad\u0131n\u0131 \u00e7\u0131karabilirsiniz.<\/p>\n","protected":false},"excerpt":{"rendered":"<p><strong>Kama KDK10000CE Dizel Jenerat\u00f6r (Ak\u00fc Dahildir)<\/strong><\/p>\n","protected":false},"featured_media":15670,"comment_status":"open","ping_status":"closed","template":"","meta":[],"product_cat":[69,209,210],"product_tag":[],"class_list":{"0":"post-15669","1":"product","2":"type-product","3":"status-publish","4":"has-post-thumbnail","6":"product_cat-hirdavat","7":"product_cat-insaat-makineleri","8":"product_cat-jeneratorler","10":"first","11":"instock","12":"taxable","13":"shipping-taxable","14":"purchasable","15":"product-type-simple"},"_links":{"self":[{"href":"https:\/\/hirdavatustasi.com\/en\/wp-json\/wp\/v2\/product\/15669","targetHints":{"allow":["GET"]}}],"collection":[{"href":"https:\/\/hirdavatustasi.com\/en\/wp-json\/wp\/v2\/product"}],"about":[{"href":"https:\/\/hirdavatustasi.com\/en\/wp-json\/wp\/v2\/types\/product"}],"replies":[{"embeddable":true,"href":"https:\/\/hirdavatustasi.com\/en\/wp-json\/wp\/v2\/comments?post=15669"}],"version-history":[{"count":3,"href":"https:\/\/hirdavatustasi.com\/en\/wp-json\/wp\/v2\/product\/15669\/revisions"}],"predecessor-version":[{"id":19455,"href":"https:\/\/hirdavatustasi.com\/en\/wp-json\/wp\/v2\/product\/15669\/revisions\/19455"}],"wp:featuredmedia":[{"embeddable":true,"href":"https:\/\/hirdavatustasi.com\/en\/wp-json\/wp\/v2\/media\/15670"}],"wp:attachment":[{"href":"https:\/\/hirdavatustasi.com\/en\/wp-json\/wp\/v2\/media?parent=15669"}],"wp:term":[{"taxonomy":"product_cat","embeddable":true,"href":"https:\/\/hirdavatustasi.com\/en\/wp-json\/wp\/v2\/product_cat?post=15669"},{"taxonomy":"product_tag","embeddable":true,"href":"https:\/\/hirdavatustasi.com\/en\/wp-json\/wp\/v2\/product_tag?post=15669"}],"curies":[{"name":"wp","href":"https:\/\/api.w.org\/{rel}","templated":true}]}}