{"id":15752,"date":"2023-10-02T08:21:39","date_gmt":"2023-10-02T08:21:39","guid":{"rendered":"https:\/?post_type=product&#038;p=15752"},"modified":"2026-01-20T11:46:07","modified_gmt":"2026-01-20T11:46:07","slug":"askaynak-inverter-205-super-kaynak-makinasi","status":"publish","type":"product","link":"https:\/\/hirdavatustasi.com\/en\/urun\/askaynak-inverter-205-super-kaynak-makinasi\/","title":{"rendered":"Askaynak \u0130nverter 205 S\u00fcper Kaynak Makinas\u0131"},"content":{"rendered":"<h1>Askaynak \u0130nverter 205 S\u00fcper Kaynak Makinas\u0131<\/h1>\n<p><strong>Askaynak \u0130nverter 205 S\u00fcper Kaynak Makinas\u0131<\/strong>, y\u00fcksek performansl\u0131 bir kaynak makinesidir. Bu kaynak makinesi, 200 amperlik bir \u00e7\u0131k\u0131\u015f g\u00fcc\u00fcne sahiptir ve 1,6-5 mm aral\u0131\u011f\u0131nda elektrotlarla kullan\u0131labilir. Bu sayede, \u00e7e\u015fitli kaynak i\u015fleri i\u00e7in yeterli g\u00fcce sahiptir.<\/p>\n<p><strong>Askaynak \u0130nverter 205 S\u00fcper Kaynak Makinas\u0131<\/strong>, verimli bir yap\u0131ya sahiptir ve enerji tasarrufu sa\u011flar. Bu kaynak makinesi, inverter teknolojisi sayesinde y\u00fcksek verimlilik sa\u011flar ve enerji t\u00fcketimini azalt\u0131r. Ayr\u0131ca, bu kaynak makinesi, hafif bir tasar\u0131ma sahiptir ve kullan\u0131c\u0131n\u0131n kolayca ta\u015f\u0131mas\u0131n\u0131 sa\u011flar.<\/p>\n<p><a href=\"https:\/\"><strong>Askaynak \u0130nverter 205 S\u00fcper Kaynak Makinas\u0131<\/strong><\/a>, kullan\u0131m\u0131 kolay bir kaynak makinesidir. Bu kaynak makinesi, ergonomik bir tasar\u0131ma sahiptir ve kullan\u0131c\u0131n\u0131n rahatl\u0131\u011f\u0131n\u0131 artt\u0131r\u0131r. Ayr\u0131ca, bu kaynak makinesi, dijital ekran\u0131 sayesinde kullan\u0131c\u0131n\u0131n kaynak parametrelerini kolayca ayarlamas\u0131n\u0131 sa\u011flar.<\/p>\n<p><a href=\"https:\/urun-kategori\/endustriyel-makineler\/\"><strong>Askaynak \u0130nverter 205 S\u00fcper Kaynak Makinas\u0131<\/strong><\/a>, \u00e7ok y\u00f6nl\u00fc bir kaynak makinesidir. Bu kaynak makinesi, farkl\u0131 malzemelerin kayna\u011f\u0131 i\u00e7in kullan\u0131labilir. Ayr\u0131ca, bu kaynak makinesi, elektrot polaritesini otomatik olarak ayarlayabilir ve kullan\u0131c\u0131n\u0131n i\u015fini kolayla\u015ft\u0131r\u0131r.<\/p>\n<p><a href=\"https:\/\/www.akakce.com\/kaynak-makinesi\/en-ucuz-askaynak-inverter-205-super-fiyati,278178979.html\" target=\"_blank\" rel=\"noopener\"><strong>Askaynak \u0130nverter 205 S\u00fcper Kaynak Makinas\u0131<\/strong><\/a>, g\u00fc\u00e7l\u00fc ve verimli bir kaynak makinesidir. Inverter teknolojisi sayesinde y\u00fcksek verimlilik sa\u011flar ve enerji tasarrufu sa\u011flar. Kullan\u0131m\u0131 kolay ve kullan\u0131c\u0131n\u0131n rahatl\u0131\u011f\u0131n\u0131 artt\u0131ran bir tasar\u0131ma sahiptir. \u00c7ok y\u00f6nl\u00fc bir kaynak makinesidir ve farkl\u0131 malzemelerin kayna\u011f\u0131 i\u00e7in kullan\u0131labilir. Ayr\u0131ca, elektrot polaritesini otomatik olarak ayarlayabilen \u00f6zelli\u011fi sayesinde, kullan\u0131c\u0131n\u0131n i\u015fini kolayla\u015ft\u0131r\u0131r.<\/p>\n","protected":false},"excerpt":{"rendered":"<h1 id=\"product-name\" class=\"product-name best-price-trick\" data-bind=\"markupText: 'productName', event: {mouseup: handleMouseUpForProductName}\">Askaynak \u0130nverter 205 S\u00fcper Kaynak Makinas\u0131<\/h1>\n","protected":false},"featured_media":17917,"comment_status":"open","ping_status":"closed","template":"","meta":[],"product_cat":[108,209,211,246],"product_tag":[],"class_list":{"0":"post-15752","1":"product","2":"type-product","3":"status-publish","4":"has-post-thumbnail","6":"product_cat-endustriyel-makineler","7":"product_cat-insaat-makineleri","8":"product_cat-kaynak-makineleri","9":"product_cat-kaynak-sarf-malzemeleri","11":"first","12":"instock","13":"taxable","14":"shipping-taxable","15":"purchasable","16":"product-type-simple"},"_links":{"self":[{"href":"https:\/\/hirdavatustasi.com\/en\/wp-json\/wp\/v2\/product\/15752","targetHints":{"allow":["GET"]}}],"collection":[{"href":"https:\/\/hirdavatustasi.com\/en\/wp-json\/wp\/v2\/product"}],"about":[{"href":"https:\/\/hirdavatustasi.com\/en\/wp-json\/wp\/v2\/types\/product"}],"replies":[{"embeddable":true,"href":"https:\/\/hirdavatustasi.com\/en\/wp-json\/wp\/v2\/comments?post=15752"}],"version-history":[{"count":4,"href":"https:\/\/hirdavatustasi.com\/en\/wp-json\/wp\/v2\/product\/15752\/revisions"}],"predecessor-version":[{"id":15857,"href":"https:\/\/hirdavatustasi.com\/en\/wp-json\/wp\/v2\/product\/15752\/revisions\/15857"}],"wp:featuredmedia":[{"embeddable":true,"href":"https:\/\/hirdavatustasi.com\/en\/wp-json\/wp\/v2\/media\/17917"}],"wp:attachment":[{"href":"https:\/\/hirdavatustasi.com\/en\/wp-json\/wp\/v2\/media?parent=15752"}],"wp:term":[{"taxonomy":"product_cat","embeddable":true,"href":"https:\/\/hirdavatustasi.com\/en\/wp-json\/wp\/v2\/product_cat?post=15752"},{"taxonomy":"product_tag","embeddable":true,"href":"https:\/\/hirdavatustasi.com\/en\/wp-json\/wp\/v2\/product_tag?post=15752"}],"curies":[{"name":"wp","href":"https:\/\/api.w.org\/{rel}","templated":true}]}}