{"id":15873,"date":"2023-10-05T11:23:57","date_gmt":"2023-10-05T11:23:57","guid":{"rendered":"https:\/?post_type=product&#038;p=15873"},"modified":"2024-03-11T15:48:04","modified_gmt":"2024-03-11T15:48:04","slug":"makita-ut2204-karistirici","status":"publish","type":"product","link":"https:\/\/hirdavatustasi.com\/en\/urun\/makita-ut2204-karistirici\/","title":{"rendered":"Makita UT2204 Kar\u0131\u015ft\u0131r\u0131c\u0131"},"content":{"rendered":"<h1 id=\"product-name\" class=\"product-name best-price-trick\" data-bind=\"markupText: 'productName', event: {mouseup: handleMouseUpForProductName}\">Makita UT2204 Kar\u0131\u015ft\u0131r\u0131c\u0131<\/h1>\n","protected":false},"excerpt":{"rendered":"<h1 id=\"product-name\" class=\"product-name best-price-trick\" data-bind=\"markupText: 'productName', event: {mouseup: handleMouseUpForProductName}\">Makita UT2204 Kar\u0131\u015ft\u0131r\u0131c\u0131<\/h1>\n","protected":false},"featured_media":17879,"comment_status":"open","ping_status":"closed","template":"","meta":[],"product_cat":[158,53,108,69,248,161],"product_tag":[],"class_list":{"0":"post-15873","1":"product","2":"type-product","3":"status-publish","4":"has-post-thumbnail","6":"product_cat-elektrikli-el-aletleri","7":"product_cat-elektrikli-akulu-havali","8":"product_cat-endustriyel-makineler","9":"product_cat-hirdavat","10":"product_cat-insaat-ekipman-ve-sarf-malzemeleri","11":"product_cat-matkaplar","13":"first","14":"outofstock","15":"taxable","16":"shipping-taxable","17":"purchasable","18":"product-type-simple"},"_links":{"self":[{"href":"https:\/\/hirdavatustasi.com\/en\/wp-json\/wp\/v2\/product\/15873","targetHints":{"allow":["GET"]}}],"collection":[{"href":"https:\/\/hirdavatustasi.com\/en\/wp-json\/wp\/v2\/product"}],"about":[{"href":"https:\/\/hirdavatustasi.com\/en\/wp-json\/wp\/v2\/types\/product"}],"replies":[{"embeddable":true,"href":"https:\/\/hirdavatustasi.com\/en\/wp-json\/wp\/v2\/comments?post=15873"}],"version-history":[{"count":1,"href":"https:\/\/hirdavatustasi.com\/en\/wp-json\/wp\/v2\/product\/15873\/revisions"}],"predecessor-version":[{"id":15875,"href":"https:\/\/hirdavatustasi.com\/en\/wp-json\/wp\/v2\/product\/15873\/revisions\/15875"}],"wp:featuredmedia":[{"embeddable":true,"href":"https:\/\/hirdavatustasi.com\/en\/wp-json\/wp\/v2\/media\/17879"}],"wp:attachment":[{"href":"https:\/\/hirdavatustasi.com\/en\/wp-json\/wp\/v2\/media?parent=15873"}],"wp:term":[{"taxonomy":"product_cat","embeddable":true,"href":"https:\/\/hirdavatustasi.com\/en\/wp-json\/wp\/v2\/product_cat?post=15873"},{"taxonomy":"product_tag","embeddable":true,"href":"https:\/\/hirdavatustasi.com\/en\/wp-json\/wp\/v2\/product_tag?post=15873"}],"curies":[{"name":"wp","href":"https:\/\/api.w.org\/{rel}","templated":true}]}}