{"id":15890,"date":"2023-10-05T11:55:46","date_gmt":"2023-10-05T11:55:46","guid":{"rendered":"https:\/?post_type=product&#038;p=15890"},"modified":"2023-12-23T19:10:53","modified_gmt":"2023-12-23T19:10:53","slug":"makita-hr2600-delici","status":"publish","type":"product","link":"https:\/\/hirdavatustasi.com\/en\/urun\/makita-hr2600-delici\/","title":{"rendered":"Mak\u0131ta HR2600 Del\u0131c\u0131"},"content":{"rendered":"<h1 id=\"product-name\" class=\"product-name best-price-trick\" data-bind=\"markupText: 'productName', event: {mouseup: handleMouseUpForProductName}\">Mak\u0131ta HR2600 Del\u0131c\u0131<\/h1>\n","protected":false},"excerpt":{"rendered":"<h1 id=\"product-name\" class=\"product-name best-price-trick\" data-bind=\"markupText: 'productName', event: {mouseup: handleMouseUpForProductName}\">Mak\u0131ta HR2600 Del\u0131c\u0131<\/h1>\n","protected":false},"featured_media":17869,"comment_status":"open","ping_status":"closed","template":"","meta":[],"product_cat":[162,158,53,69,168,161],"product_tag":[],"class_list":{"0":"post-15890","1":"product","2":"type-product","3":"status-publish","4":"has-post-thumbnail","6":"product_cat-darbeli-matkaplar","7":"product_cat-elektrikli-el-aletleri","8":"product_cat-elektrikli-akulu-havali","9":"product_cat-hirdavat","10":"product_cat-kirici-ve-deliciler","11":"product_cat-matkaplar","13":"first","14":"outofstock","15":"taxable","16":"shipping-taxable","17":"purchasable","18":"product-type-simple"},"_links":{"self":[{"href":"https:\/\/hirdavatustasi.com\/en\/wp-json\/wp\/v2\/product\/15890","targetHints":{"allow":["GET"]}}],"collection":[{"href":"https:\/\/hirdavatustasi.com\/en\/wp-json\/wp\/v2\/product"}],"about":[{"href":"https:\/\/hirdavatustasi.com\/en\/wp-json\/wp\/v2\/types\/product"}],"replies":[{"embeddable":true,"href":"https:\/\/hirdavatustasi.com\/en\/wp-json\/wp\/v2\/comments?post=15890"}],"version-history":[{"count":1,"href":"https:\/\/hirdavatustasi.com\/en\/wp-json\/wp\/v2\/product\/15890\/revisions"}],"predecessor-version":[{"id":15892,"href":"https:\/\/hirdavatustasi.com\/en\/wp-json\/wp\/v2\/product\/15890\/revisions\/15892"}],"wp:featuredmedia":[{"embeddable":true,"href":"https:\/\/hirdavatustasi.com\/en\/wp-json\/wp\/v2\/media\/17869"}],"wp:attachment":[{"href":"https:\/\/hirdavatustasi.com\/en\/wp-json\/wp\/v2\/media?parent=15890"}],"wp:term":[{"taxonomy":"product_cat","embeddable":true,"href":"https:\/\/hirdavatustasi.com\/en\/wp-json\/wp\/v2\/product_cat?post=15890"},{"taxonomy":"product_tag","embeddable":true,"href":"https:\/\/hirdavatustasi.com\/en\/wp-json\/wp\/v2\/product_tag?post=15890"}],"curies":[{"name":"wp","href":"https:\/\/api.w.org\/{rel}","templated":true}]}}