{"id":18244,"date":"2023-12-27T18:07:29","date_gmt":"2023-12-27T18:07:29","guid":{"rendered":"https:\/?post_type=product&#038;p=18244"},"modified":"2023-12-27T18:07:29","modified_gmt":"2023-12-27T18:07:29","slug":"bigred-tr90304-sise-kriko-3-ton","status":"publish","type":"product","link":"https:\/\/hirdavatustasi.com\/en\/urun\/bigred-tr90304-sise-kriko-3-ton\/","title":{"rendered":"BigRed Tr90304 \u015ei\u015fe Kriko 3 Ton"},"content":{"rendered":"<p>BigRed Tr90304 \u015ei\u015fe Kriko 3 Ton<\/p>\n","protected":false},"excerpt":{"rendered":"<p>BigRed Tr90304 \u015ei\u015fe Kriko 3 Ton<\/p>\n","protected":false},"featured_media":18245,"comment_status":"open","ping_status":"closed","template":"","meta":[],"product_cat":[226,69,229],"product_tag":[],"class_list":{"0":"post-18244","1":"product","2":"type-product","3":"status-publish","4":"has-post-thumbnail","6":"product_cat-kaldirma-ekipmanlari","7":"product_cat-hirdavat","8":"product_cat-krikolar","10":"first","11":"outofstock","12":"taxable","13":"shipping-taxable","14":"product-type-simple"},"_links":{"self":[{"href":"https:\/\/hirdavatustasi.com\/en\/wp-json\/wp\/v2\/product\/18244","targetHints":{"allow":["GET"]}}],"collection":[{"href":"https:\/\/hirdavatustasi.com\/en\/wp-json\/wp\/v2\/product"}],"about":[{"href":"https:\/\/hirdavatustasi.com\/en\/wp-json\/wp\/v2\/types\/product"}],"replies":[{"embeddable":true,"href":"https:\/\/hirdavatustasi.com\/en\/wp-json\/wp\/v2\/comments?post=18244"}],"version-history":[{"count":1,"href":"https:\/\/hirdavatustasi.com\/en\/wp-json\/wp\/v2\/product\/18244\/revisions"}],"predecessor-version":[{"id":18247,"href":"https:\/\/hirdavatustasi.com\/en\/wp-json\/wp\/v2\/product\/18244\/revisions\/18247"}],"wp:featuredmedia":[{"embeddable":true,"href":"https:\/\/hirdavatustasi.com\/en\/wp-json\/wp\/v2\/media\/18245"}],"wp:attachment":[{"href":"https:\/\/hirdavatustasi.com\/en\/wp-json\/wp\/v2\/media?parent=18244"}],"wp:term":[{"taxonomy":"product_cat","embeddable":true,"href":"https:\/\/hirdavatustasi.com\/en\/wp-json\/wp\/v2\/product_cat?post=18244"},{"taxonomy":"product_tag","embeddable":true,"href":"https:\/\/hirdavatustasi.com\/en\/wp-json\/wp\/v2\/product_tag?post=18244"}],"curies":[{"name":"wp","href":"https:\/\/api.w.org\/{rel}","templated":true}]}}