{"id":18249,"date":"2023-12-27T20:47:59","date_gmt":"2023-12-27T20:47:59","guid":{"rendered":"https:\/?post_type=product&#038;p=18249"},"modified":"2023-12-27T20:48:52","modified_gmt":"2023-12-27T20:48:52","slug":"izeltas-17x19-21x22-13-16-bijon-anahtari-istavroz-tipi","status":"publish","type":"product","link":"https:\/\/hirdavatustasi.com\/en\/urun\/izeltas-17x19-21x22-13-16-bijon-anahtari-istavroz-tipi\/","title":{"rendered":"\u0130zelta\u015f 17&#215;19-21&#215;22 (13\/16 ) Bijon Anahtar\u0131 \u0130stavroz Tipi"},"content":{"rendered":"<p>\u0130zelta\u015f 17&#215;19-21&#215;22 (13\/16 ) Bijon Anahtar\u0131 \u0130stavroz Tipi<\/p>\n","protected":false},"excerpt":{"rendered":"<p>\u0130zelta\u015f 17&#215;19-21&#215;22 (13\/16 ) Bijon Anahtar\u0131 \u0130stavroz Tipi<\/p>\n","protected":false},"featured_media":18250,"comment_status":"open","ping_status":"closed","template":"","meta":[],"product_cat":[134,135,113],"product_tag":[363,364,362],"class_list":{"0":"post-18249","1":"product","2":"type-product","3":"status-publish","4":"has-post-thumbnail","6":"product_cat-lokma-ve-bijon-anahtarlari","7":"product_cat-bijon-anahtarlari","8":"product_cat-el-aletleri","9":"product_tag-17x19-21x22","10":"product_tag-bijon","11":"product_tag-izeltas","13":"first","14":"outofstock","15":"taxable","16":"shipping-taxable","17":"product-type-simple"},"_links":{"self":[{"href":"https:\/\/hirdavatustasi.com\/en\/wp-json\/wp\/v2\/product\/18249","targetHints":{"allow":["GET"]}}],"collection":[{"href":"https:\/\/hirdavatustasi.com\/en\/wp-json\/wp\/v2\/product"}],"about":[{"href":"https:\/\/hirdavatustasi.com\/en\/wp-json\/wp\/v2\/types\/product"}],"replies":[{"embeddable":true,"href":"https:\/\/hirdavatustasi.com\/en\/wp-json\/wp\/v2\/comments?post=18249"}],"version-history":[{"count":2,"href":"https:\/\/hirdavatustasi.com\/en\/wp-json\/wp\/v2\/product\/18249\/revisions"}],"predecessor-version":[{"id":18253,"href":"https:\/\/hirdavatustasi.com\/en\/wp-json\/wp\/v2\/product\/18249\/revisions\/18253"}],"wp:featuredmedia":[{"embeddable":true,"href":"https:\/\/hirdavatustasi.com\/en\/wp-json\/wp\/v2\/media\/18250"}],"wp:attachment":[{"href":"https:\/\/hirdavatustasi.com\/en\/wp-json\/wp\/v2\/media?parent=18249"}],"wp:term":[{"taxonomy":"product_cat","embeddable":true,"href":"https:\/\/hirdavatustasi.com\/en\/wp-json\/wp\/v2\/product_cat?post=18249"},{"taxonomy":"product_tag","embeddable":true,"href":"https:\/\/hirdavatustasi.com\/en\/wp-json\/wp\/v2\/product_tag?post=18249"}],"curies":[{"name":"wp","href":"https:\/\/api.w.org\/{rel}","templated":true}]}}