{"id":18263,"date":"2023-12-28T21:13:32","date_gmt":"2023-12-28T21:13:32","guid":{"rendered":"https:\/?post_type=product&#038;p=18263"},"modified":"2023-12-29T20:43:59","modified_gmt":"2023-12-29T20:43:59","slug":"makita-lw1401s-flex-tasli-metal-kesme-makinesi","status":"publish","type":"product","link":"https:\/\/hirdavatustasi.com\/en\/urun\/makita-lw1401s-flex-tasli-metal-kesme-makinesi\/","title":{"rendered":"Makita LW1401S Flex Ta\u015fl\u0131 Metal Kesme Makinesi"},"content":{"rendered":"<p>Makita LW1401S Flex Ta\u015fl\u0131 Metal Kesme Makinesi<\/p>\n","protected":false},"excerpt":{"rendered":"<p>Makita LW1401S Flex Ta\u015fl\u0131 Metal Kesme Makinesi<\/p>\n","protected":false},"featured_media":18264,"comment_status":"open","ping_status":"closed","template":"","meta":[],"product_cat":[113,213],"product_tag":[367],"class_list":{"0":"post-18263","1":"product","2":"type-product","3":"status-publish","4":"has-post-thumbnail","6":"product_cat-el-aletleri","7":"product_cat-metal-kesme-makinesi","8":"product_tag-makita-lw1401s","10":"first","11":"outofstock","12":"taxable","13":"shipping-taxable","14":"product-type-simple"},"_links":{"self":[{"href":"https:\/\/hirdavatustasi.com\/en\/wp-json\/wp\/v2\/product\/18263","targetHints":{"allow":["GET"]}}],"collection":[{"href":"https:\/\/hirdavatustasi.com\/en\/wp-json\/wp\/v2\/product"}],"about":[{"href":"https:\/\/hirdavatustasi.com\/en\/wp-json\/wp\/v2\/types\/product"}],"replies":[{"embeddable":true,"href":"https:\/\/hirdavatustasi.com\/en\/wp-json\/wp\/v2\/comments?post=18263"}],"version-history":[{"count":1,"href":"https:\/\/hirdavatustasi.com\/en\/wp-json\/wp\/v2\/product\/18263\/revisions"}],"predecessor-version":[{"id":18266,"href":"https:\/\/hirdavatustasi.com\/en\/wp-json\/wp\/v2\/product\/18263\/revisions\/18266"}],"wp:featuredmedia":[{"embeddable":true,"href":"https:\/\/hirdavatustasi.com\/en\/wp-json\/wp\/v2\/media\/18264"}],"wp:attachment":[{"href":"https:\/\/hirdavatustasi.com\/en\/wp-json\/wp\/v2\/media?parent=18263"}],"wp:term":[{"taxonomy":"product_cat","embeddable":true,"href":"https:\/\/hirdavatustasi.com\/en\/wp-json\/wp\/v2\/product_cat?post=18263"},{"taxonomy":"product_tag","embeddable":true,"href":"https:\/\/hirdavatustasi.com\/en\/wp-json\/wp\/v2\/product_tag?post=18263"}],"curies":[{"name":"wp","href":"https:\/\/api.w.org\/{rel}","templated":true}]}}