{"id":18267,"date":"2023-12-28T21:31:38","date_gmt":"2023-12-28T21:31:38","guid":{"rendered":"https:\/?post_type=product&#038;p=18267"},"modified":"2023-12-29T20:47:05","modified_gmt":"2023-12-29T20:47:05","slug":"makita-gd0601-400-watt-kalip-taslama","status":"publish","type":"product","link":"https:\/\/hirdavatustasi.com\/en\/urun\/makita-gd0601-400-watt-kalip-taslama\/","title":{"rendered":"Makita GD0601 400 Watt Kal\u0131p Ta\u015flama"},"content":{"rendered":"<p>Makita GD0601 400 Watt Kal\u0131p Ta\u015flama<\/p>\n","protected":false},"excerpt":{"rendered":"<p>Makita GD0601 400 Watt Kal\u0131p Ta\u015flama<\/p>\n","protected":false},"featured_media":18268,"comment_status":"open","ping_status":"closed","template":"","meta":[],"product_cat":[113,158],"product_tag":[368],"class_list":{"0":"post-18267","1":"product","2":"type-product","3":"status-publish","4":"has-post-thumbnail","6":"product_cat-el-aletleri","7":"product_cat-elektrikli-el-aletleri","8":"product_tag-makita-gd0610","10":"first","11":"outofstock","12":"taxable","13":"shipping-taxable","14":"product-type-simple"},"_links":{"self":[{"href":"https:\/\/hirdavatustasi.com\/en\/wp-json\/wp\/v2\/product\/18267","targetHints":{"allow":["GET"]}}],"collection":[{"href":"https:\/\/hirdavatustasi.com\/en\/wp-json\/wp\/v2\/product"}],"about":[{"href":"https:\/\/hirdavatustasi.com\/en\/wp-json\/wp\/v2\/types\/product"}],"replies":[{"embeddable":true,"href":"https:\/\/hirdavatustasi.com\/en\/wp-json\/wp\/v2\/comments?post=18267"}],"version-history":[{"count":1,"href":"https:\/\/hirdavatustasi.com\/en\/wp-json\/wp\/v2\/product\/18267\/revisions"}],"predecessor-version":[{"id":18270,"href":"https:\/\/hirdavatustasi.com\/en\/wp-json\/wp\/v2\/product\/18267\/revisions\/18270"}],"wp:featuredmedia":[{"embeddable":true,"href":"https:\/\/hirdavatustasi.com\/en\/wp-json\/wp\/v2\/media\/18268"}],"wp:attachment":[{"href":"https:\/\/hirdavatustasi.com\/en\/wp-json\/wp\/v2\/media?parent=18267"}],"wp:term":[{"taxonomy":"product_cat","embeddable":true,"href":"https:\/\/hirdavatustasi.com\/en\/wp-json\/wp\/v2\/product_cat?post=18267"},{"taxonomy":"product_tag","embeddable":true,"href":"https:\/\/hirdavatustasi.com\/en\/wp-json\/wp\/v2\/product_tag?post=18267"}],"curies":[{"name":"wp","href":"https:\/\/api.w.org\/{rel}","templated":true}]}}