{"id":18272,"date":"2023-12-29T18:57:57","date_gmt":"2023-12-29T18:57:57","guid":{"rendered":"https:\/?post_type=product&#038;p=18272"},"modified":"2025-04-11T23:24:47","modified_gmt":"2025-04-11T23:24:47","slug":"makita-6905h-470w-1-2-12-7-mm-darbeli-somun-sikma","status":"publish","type":"product","link":"https:\/\/hirdavatustasi.com\/en\/urun\/makita-6905h-470w-1-2-12-7-mm-darbeli-somun-sikma\/","title":{"rendered":"Makita 6905 H Darbeli Somun S\u0131kma"},"content":{"rendered":"<h1>Makita 6905 H Darbeli Somun S\u0131kma<\/h1>\n<p>Makita \u00fcr\u00fcnleri i\u00e7inde Darbeli somun s\u0131kma olarak ge\u00e7en en \u00f6nemli \u00fcr\u00fcnlerden biri <strong>Makita 6905 H Darbeli Somun S\u0131kma<\/strong> makinas\u0131d\u0131r. Hem ucuz hem pratik.<\/p>\n<h2>Makita 6905 H Darbeli Somun S\u0131kma fiyat\u0131<\/h2>\n","protected":false},"excerpt":{"rendered":"<p>Makita 6905 H Darbeli Somun S\u0131kma<\/p>\n","protected":false},"featured_media":18273,"comment_status":"open","ping_status":"closed","template":"","meta":[],"product_cat":[113,174],"product_tag":[369],"class_list":{"0":"post-18272","1":"product","2":"type-product","3":"status-publish","4":"has-post-thumbnail","6":"product_cat-el-aletleri","7":"product_cat-somun-sikma-ve-vidalama","8":"product_tag-makita-6905h-470w","10":"first","11":"outofstock","12":"taxable","13":"shipping-taxable","14":"product-type-simple"},"_links":{"self":[{"href":"https:\/\/hirdavatustasi.com\/en\/wp-json\/wp\/v2\/product\/18272","targetHints":{"allow":["GET"]}}],"collection":[{"href":"https:\/\/hirdavatustasi.com\/en\/wp-json\/wp\/v2\/product"}],"about":[{"href":"https:\/\/hirdavatustasi.com\/en\/wp-json\/wp\/v2\/types\/product"}],"replies":[{"embeddable":true,"href":"https:\/\/hirdavatustasi.com\/en\/wp-json\/wp\/v2\/comments?post=18272"}],"version-history":[{"count":3,"href":"https:\/\/hirdavatustasi.com\/en\/wp-json\/wp\/v2\/product\/18272\/revisions"}],"predecessor-version":[{"id":19377,"href":"https:\/\/hirdavatustasi.com\/en\/wp-json\/wp\/v2\/product\/18272\/revisions\/19377"}],"wp:featuredmedia":[{"embeddable":true,"href":"https:\/\/hirdavatustasi.com\/en\/wp-json\/wp\/v2\/media\/18273"}],"wp:attachment":[{"href":"https:\/\/hirdavatustasi.com\/en\/wp-json\/wp\/v2\/media?parent=18272"}],"wp:term":[{"taxonomy":"product_cat","embeddable":true,"href":"https:\/\/hirdavatustasi.com\/en\/wp-json\/wp\/v2\/product_cat?post=18272"},{"taxonomy":"product_tag","embeddable":true,"href":"https:\/\/hirdavatustasi.com\/en\/wp-json\/wp\/v2\/product_tag?post=18272"}],"curies":[{"name":"wp","href":"https:\/\/api.w.org\/{rel}","templated":true}]}}