{"id":18291,"date":"2023-12-30T20:39:29","date_gmt":"2023-12-30T20:39:29","guid":{"rendered":"https:\/?post_type=product&#038;p=18291"},"modified":"2023-12-30T20:39:29","modified_gmt":"2023-12-30T20:39:29","slug":"makita-tm3000c-cok-amacli-alet","status":"publish","type":"product","link":"https:\/\/hirdavatustasi.com\/en\/urun\/makita-tm3000c-cok-amacli-alet\/","title":{"rendered":"Makita TM3000C \u00c7ok Ama\u00e7l\u0131 Alet"},"content":{"rendered":"<p>Makita TM3000C \u00c7ok Ama\u00e7l\u0131 Alet<\/p>\n","protected":false},"excerpt":{"rendered":"<p>Makita TM3000C \u00c7ok Ama\u00e7l\u0131 Alet<\/p>\n","protected":false},"featured_media":18292,"comment_status":"open","ping_status":"closed","template":"","meta":[],"product_cat":[113,158,53],"product_tag":[372],"class_list":{"0":"post-18291","1":"product","2":"type-product","3":"status-publish","4":"has-post-thumbnail","6":"product_cat-el-aletleri","7":"product_cat-elektrikli-el-aletleri","8":"product_cat-elektrikli-akulu-havali","9":"product_tag-makitatm3000c","11":"first","12":"outofstock","13":"taxable","14":"shipping-taxable","15":"product-type-simple"},"_links":{"self":[{"href":"https:\/\/hirdavatustasi.com\/en\/wp-json\/wp\/v2\/product\/18291","targetHints":{"allow":["GET"]}}],"collection":[{"href":"https:\/\/hirdavatustasi.com\/en\/wp-json\/wp\/v2\/product"}],"about":[{"href":"https:\/\/hirdavatustasi.com\/en\/wp-json\/wp\/v2\/types\/product"}],"replies":[{"embeddable":true,"href":"https:\/\/hirdavatustasi.com\/en\/wp-json\/wp\/v2\/comments?post=18291"}],"version-history":[{"count":1,"href":"https:\/\/hirdavatustasi.com\/en\/wp-json\/wp\/v2\/product\/18291\/revisions"}],"predecessor-version":[{"id":18294,"href":"https:\/\/hirdavatustasi.com\/en\/wp-json\/wp\/v2\/product\/18291\/revisions\/18294"}],"wp:featuredmedia":[{"embeddable":true,"href":"https:\/\/hirdavatustasi.com\/en\/wp-json\/wp\/v2\/media\/18292"}],"wp:attachment":[{"href":"https:\/\/hirdavatustasi.com\/en\/wp-json\/wp\/v2\/media?parent=18291"}],"wp:term":[{"taxonomy":"product_cat","embeddable":true,"href":"https:\/\/hirdavatustasi.com\/en\/wp-json\/wp\/v2\/product_cat?post=18291"},{"taxonomy":"product_tag","embeddable":true,"href":"https:\/\/hirdavatustasi.com\/en\/wp-json\/wp\/v2\/product_tag?post=18291"}],"curies":[{"name":"wp","href":"https:\/\/api.w.org\/{rel}","templated":true}]}}