{"id":18295,"date":"2023-12-30T20:50:26","date_gmt":"2023-12-30T20:50:26","guid":{"rendered":"https:\/?post_type=product&#038;p=18295"},"modified":"2023-12-30T20:50:26","modified_gmt":"2023-12-30T20:50:26","slug":"makita-dhp484rfj-akulu-darbeli-matkap","status":"publish","type":"product","link":"https:\/\/hirdavatustasi.com\/en\/urun\/makita-dhp484rfj-akulu-darbeli-matkap\/","title":{"rendered":"Makita DHP484RFJ Ak\u00fcl\u00fc Darbeli Matkap"},"content":{"rendered":"<p>Makita DHP484RFJ Ak\u00fcl\u00fc Darbeli Matkap<\/p>\n","protected":false},"excerpt":{"rendered":"<p>Makita DHP484RFJ Ak\u00fcl\u00fc Darbeli Matkap<\/p>\n","protected":false},"featured_media":18296,"comment_status":"open","ping_status":"closed","template":"","meta":[],"product_cat":[113,175,176,53],"product_tag":[373],"class_list":{"0":"post-18295","1":"product","2":"type-product","3":"status-publish","4":"has-post-thumbnail","6":"product_cat-el-aletleri","7":"product_cat-akulu-el-aletleri","8":"product_cat-akulu-matkaplar","9":"product_cat-elektrikli-akulu-havali","10":"product_tag-makitadhp484rfj","12":"first","13":"outofstock","14":"taxable","15":"shipping-taxable","16":"product-type-simple"},"_links":{"self":[{"href":"https:\/\/hirdavatustasi.com\/en\/wp-json\/wp\/v2\/product\/18295","targetHints":{"allow":["GET"]}}],"collection":[{"href":"https:\/\/hirdavatustasi.com\/en\/wp-json\/wp\/v2\/product"}],"about":[{"href":"https:\/\/hirdavatustasi.com\/en\/wp-json\/wp\/v2\/types\/product"}],"replies":[{"embeddable":true,"href":"https:\/\/hirdavatustasi.com\/en\/wp-json\/wp\/v2\/comments?post=18295"}],"version-history":[{"count":2,"href":"https:\/\/hirdavatustasi.com\/en\/wp-json\/wp\/v2\/product\/18295\/revisions"}],"predecessor-version":[{"id":18299,"href":"https:\/\/hirdavatustasi.com\/en\/wp-json\/wp\/v2\/product\/18295\/revisions\/18299"}],"wp:featuredmedia":[{"embeddable":true,"href":"https:\/\/hirdavatustasi.com\/en\/wp-json\/wp\/v2\/media\/18296"}],"wp:attachment":[{"href":"https:\/\/hirdavatustasi.com\/en\/wp-json\/wp\/v2\/media?parent=18295"}],"wp:term":[{"taxonomy":"product_cat","embeddable":true,"href":"https:\/\/hirdavatustasi.com\/en\/wp-json\/wp\/v2\/product_cat?post=18295"},{"taxonomy":"product_tag","embeddable":true,"href":"https:\/\/hirdavatustasi.com\/en\/wp-json\/wp\/v2\/product_tag?post=18295"}],"curies":[{"name":"wp","href":"https:\/\/api.w.org\/{rel}","templated":true}]}}