{"id":18310,"date":"2023-12-30T21:50:12","date_gmt":"2023-12-30T21:50:12","guid":{"rendered":"https:\/?post_type=product&#038;p=18310"},"modified":"2023-12-30T21:50:13","modified_gmt":"2023-12-30T21:50:13","slug":"makita-hp457dwe3-2-akulu-darbeli-matkap-2","status":"publish","type":"product","link":"https:\/\/hirdavatustasi.com\/en\/urun\/makita-hp457dwe3-2-akulu-darbeli-matkap-2\/","title":{"rendered":"Makita HP457DWE3 2 Ak\u00fcl\u00fc Darbeli Matkap"},"content":{"rendered":"<p>Makita HP457DWE3 2 Ak\u00fcl\u00fc Darbeli Matkap<\/p>\n","protected":false},"excerpt":{"rendered":"<p>Makita HP457DWE3 2 Ak\u00fcl\u00fc Darbeli Matkap<\/p>\n","protected":false},"featured_media":18311,"comment_status":"open","ping_status":"closed","template":"","meta":[],"product_cat":[113,175,176,158,53],"product_tag":[376],"class_list":{"0":"post-18310","1":"product","2":"type-product","3":"status-publish","4":"has-post-thumbnail","6":"product_cat-el-aletleri","7":"product_cat-akulu-el-aletleri","8":"product_cat-akulu-matkaplar","9":"product_cat-elektrikli-el-aletleri","10":"product_cat-elektrikli-akulu-havali","11":"product_tag-makitahp457dwe3","13":"first","14":"outofstock","15":"taxable","16":"shipping-taxable","17":"product-type-simple"},"_links":{"self":[{"href":"https:\/\/hirdavatustasi.com\/en\/wp-json\/wp\/v2\/product\/18310","targetHints":{"allow":["GET"]}}],"collection":[{"href":"https:\/\/hirdavatustasi.com\/en\/wp-json\/wp\/v2\/product"}],"about":[{"href":"https:\/\/hirdavatustasi.com\/en\/wp-json\/wp\/v2\/types\/product"}],"replies":[{"embeddable":true,"href":"https:\/\/hirdavatustasi.com\/en\/wp-json\/wp\/v2\/comments?post=18310"}],"version-history":[{"count":1,"href":"https:\/\/hirdavatustasi.com\/en\/wp-json\/wp\/v2\/product\/18310\/revisions"}],"predecessor-version":[{"id":18313,"href":"https:\/\/hirdavatustasi.com\/en\/wp-json\/wp\/v2\/product\/18310\/revisions\/18313"}],"wp:featuredmedia":[{"embeddable":true,"href":"https:\/\/hirdavatustasi.com\/en\/wp-json\/wp\/v2\/media\/18311"}],"wp:attachment":[{"href":"https:\/\/hirdavatustasi.com\/en\/wp-json\/wp\/v2\/media?parent=18310"}],"wp:term":[{"taxonomy":"product_cat","embeddable":true,"href":"https:\/\/hirdavatustasi.com\/en\/wp-json\/wp\/v2\/product_cat?post=18310"},{"taxonomy":"product_tag","embeddable":true,"href":"https:\/\/hirdavatustasi.com\/en\/wp-json\/wp\/v2\/product_tag?post=18310"}],"curies":[{"name":"wp","href":"https:\/\/api.w.org\/{rel}","templated":true}]}}