{"id":18326,"date":"2023-12-31T11:31:18","date_gmt":"2023-12-31T11:31:18","guid":{"rendered":"https:\/?post_type=product&#038;p=18326"},"modified":"2023-12-31T11:31:18","modified_gmt":"2023-12-31T11:31:18","slug":"bigred-tr91004-sise-kriko-10-ton","status":"publish","type":"product","link":"https:\/\/hirdavatustasi.com\/en\/urun\/bigred-tr91004-sise-kriko-10-ton\/","title":{"rendered":"BigRed Tr91004 \u015ei\u015fe Kriko 10 Ton"},"content":{"rendered":"<p>BigRed Tr91004 \u015ei\u015fe Kriko 10 Ton<\/p>\n","protected":false},"excerpt":{"rendered":"<p>BigRed Tr91004 \u015ei\u015fe Kriko 10 Ton<\/p>\n","protected":false},"featured_media":18327,"comment_status":"open","ping_status":"closed","template":"","meta":[],"product_cat":[113,69,226,229],"product_tag":[380],"class_list":{"0":"post-18326","1":"product","2":"type-product","3":"status-publish","4":"has-post-thumbnail","6":"product_cat-el-aletleri","7":"product_cat-hirdavat","8":"product_cat-kaldirma-ekipmanlari","9":"product_cat-krikolar","10":"product_tag-tr91004kriko","12":"first","13":"outofstock","14":"taxable","15":"shipping-taxable","16":"product-type-simple"},"_links":{"self":[{"href":"https:\/\/hirdavatustasi.com\/en\/wp-json\/wp\/v2\/product\/18326","targetHints":{"allow":["GET"]}}],"collection":[{"href":"https:\/\/hirdavatustasi.com\/en\/wp-json\/wp\/v2\/product"}],"about":[{"href":"https:\/\/hirdavatustasi.com\/en\/wp-json\/wp\/v2\/types\/product"}],"replies":[{"embeddable":true,"href":"https:\/\/hirdavatustasi.com\/en\/wp-json\/wp\/v2\/comments?post=18326"}],"version-history":[{"count":2,"href":"https:\/\/hirdavatustasi.com\/en\/wp-json\/wp\/v2\/product\/18326\/revisions"}],"predecessor-version":[{"id":18330,"href":"https:\/\/hirdavatustasi.com\/en\/wp-json\/wp\/v2\/product\/18326\/revisions\/18330"}],"wp:featuredmedia":[{"embeddable":true,"href":"https:\/\/hirdavatustasi.com\/en\/wp-json\/wp\/v2\/media\/18327"}],"wp:attachment":[{"href":"https:\/\/hirdavatustasi.com\/en\/wp-json\/wp\/v2\/media?parent=18326"}],"wp:term":[{"taxonomy":"product_cat","embeddable":true,"href":"https:\/\/hirdavatustasi.com\/en\/wp-json\/wp\/v2\/product_cat?post=18326"},{"taxonomy":"product_tag","embeddable":true,"href":"https:\/\/hirdavatustasi.com\/en\/wp-json\/wp\/v2\/product_tag?post=18326"}],"curies":[{"name":"wp","href":"https:\/\/api.w.org\/{rel}","templated":true}]}}