{"id":18331,"date":"2023-12-31T11:40:54","date_gmt":"2023-12-31T11:40:54","guid":{"rendered":"https:\/?post_type=product&#038;p=18331"},"modified":"2023-12-31T11:40:54","modified_gmt":"2023-12-31T11:40:54","slug":"bigred-tr92004-sise-kriko-20-ton","status":"publish","type":"product","link":"https:\/\/hirdavatustasi.com\/en\/urun\/bigred-tr92004-sise-kriko-20-ton\/","title":{"rendered":"BigRed Tr92004 \u015ei\u015fe Kriko 20 Ton"},"content":{"rendered":"<p>BigRed Tr92004 \u015ei\u015fe Kriko 20 Ton<\/p>\n","protected":false},"excerpt":{"rendered":"<p>BigRed Tr92004 \u015ei\u015fe Kriko 20 Ton<\/p>\n","protected":false},"featured_media":18332,"comment_status":"open","ping_status":"closed","template":"","meta":[],"product_cat":[113,69,226,229],"product_tag":[],"class_list":{"0":"post-18331","1":"product","2":"type-product","3":"status-publish","4":"has-post-thumbnail","6":"product_cat-el-aletleri","7":"product_cat-hirdavat","8":"product_cat-kaldirma-ekipmanlari","9":"product_cat-krikolar","11":"first","12":"outofstock","13":"taxable","14":"shipping-taxable","15":"product-type-simple"},"_links":{"self":[{"href":"https:\/\/hirdavatustasi.com\/en\/wp-json\/wp\/v2\/product\/18331","targetHints":{"allow":["GET"]}}],"collection":[{"href":"https:\/\/hirdavatustasi.com\/en\/wp-json\/wp\/v2\/product"}],"about":[{"href":"https:\/\/hirdavatustasi.com\/en\/wp-json\/wp\/v2\/types\/product"}],"replies":[{"embeddable":true,"href":"https:\/\/hirdavatustasi.com\/en\/wp-json\/wp\/v2\/comments?post=18331"}],"version-history":[{"count":1,"href":"https:\/\/hirdavatustasi.com\/en\/wp-json\/wp\/v2\/product\/18331\/revisions"}],"predecessor-version":[{"id":18334,"href":"https:\/\/hirdavatustasi.com\/en\/wp-json\/wp\/v2\/product\/18331\/revisions\/18334"}],"wp:featuredmedia":[{"embeddable":true,"href":"https:\/\/hirdavatustasi.com\/en\/wp-json\/wp\/v2\/media\/18332"}],"wp:attachment":[{"href":"https:\/\/hirdavatustasi.com\/en\/wp-json\/wp\/v2\/media?parent=18331"}],"wp:term":[{"taxonomy":"product_cat","embeddable":true,"href":"https:\/\/hirdavatustasi.com\/en\/wp-json\/wp\/v2\/product_cat?post=18331"},{"taxonomy":"product_tag","embeddable":true,"href":"https:\/\/hirdavatustasi.com\/en\/wp-json\/wp\/v2\/product_tag?post=18331"}],"curies":[{"name":"wp","href":"https:\/\/api.w.org\/{rel}","templated":true}]}}