{"id":18546,"date":"2024-01-01T17:53:00","date_gmt":"2024-01-01T17:53:00","guid":{"rendered":"https:\/?post_type=product&#038;p=18546"},"modified":"2024-01-01T17:53:01","modified_gmt":"2024-01-01T17:53:01","slug":"izeltas-2201-masali-boru-anahtari-3-85","status":"publish","type":"product","link":"https:\/\/hirdavatustasi.com\/en\/urun\/izeltas-2201-masali-boru-anahtari-3-85\/","title":{"rendered":"\u0130zelta\u015f 2201 Ma\u015fal\u0131 Boru Anahtar\u0131 3&#8221; (85\u00b0)"},"content":{"rendered":"<p>\u0130zelta\u015f 2201 Ma\u015fal\u0131 Boru Anahtar\u0131 3&#8221; (85\u00b0)<\/p>\n","protected":false},"excerpt":{"rendered":"<p>\u0130zelta\u015f 2201 Ma\u015fal\u0131 Boru Anahtar\u0131 3&#8221; (85\u00b0)<\/p>\n","protected":false},"featured_media":18547,"comment_status":"open","ping_status":"closed","template":"","meta":[],"product_cat":[113,126,142,140],"product_tag":[431,429],"class_list":{"0":"post-18546","1":"product","2":"type-product","3":"status-publish","4":"has-post-thumbnail","6":"product_cat-el-aletleri","7":"product_cat-anahtar-cesitleri","8":"product_cat-boru-anahtarlari","9":"product_cat-boru-anahtarlari-ve-penseler","10":"product_tag-431","11":"product_tag-izeltas2201","13":"first","14":"outofstock","15":"taxable","16":"shipping-taxable","17":"product-type-simple"},"_links":{"self":[{"href":"https:\/\/hirdavatustasi.com\/en\/wp-json\/wp\/v2\/product\/18546","targetHints":{"allow":["GET"]}}],"collection":[{"href":"https:\/\/hirdavatustasi.com\/en\/wp-json\/wp\/v2\/product"}],"about":[{"href":"https:\/\/hirdavatustasi.com\/en\/wp-json\/wp\/v2\/types\/product"}],"replies":[{"embeddable":true,"href":"https:\/\/hirdavatustasi.com\/en\/wp-json\/wp\/v2\/comments?post=18546"}],"version-history":[{"count":1,"href":"https:\/\/hirdavatustasi.com\/en\/wp-json\/wp\/v2\/product\/18546\/revisions"}],"predecessor-version":[{"id":18549,"href":"https:\/\/hirdavatustasi.com\/en\/wp-json\/wp\/v2\/product\/18546\/revisions\/18549"}],"wp:featuredmedia":[{"embeddable":true,"href":"https:\/\/hirdavatustasi.com\/en\/wp-json\/wp\/v2\/media\/18547"}],"wp:attachment":[{"href":"https:\/\/hirdavatustasi.com\/en\/wp-json\/wp\/v2\/media?parent=18546"}],"wp:term":[{"taxonomy":"product_cat","embeddable":true,"href":"https:\/\/hirdavatustasi.com\/en\/wp-json\/wp\/v2\/product_cat?post=18546"},{"taxonomy":"product_tag","embeddable":true,"href":"https:\/\/hirdavatustasi.com\/en\/wp-json\/wp\/v2\/product_tag?post=18546"}],"curies":[{"name":"wp","href":"https:\/\/api.w.org\/{rel}","templated":true}]}}