{"id":18550,"date":"2024-01-01T17:56:31","date_gmt":"2024-01-01T17:56:31","guid":{"rendered":"https:\/?post_type=product&#038;p=18550"},"modified":"2024-01-01T20:32:16","modified_gmt":"2024-01-01T20:32:16","slug":"izeltas-2110100010-10-agir-tip-boru-anahtari","status":"publish","type":"product","link":"https:\/\/hirdavatustasi.com\/en\/urun\/izeltas-2110100010-10-agir-tip-boru-anahtari\/","title":{"rendered":"\u0130zelta\u015f 2110100010 10 A\u011f\u0131r Tip Boru Anahtar\u0131"},"content":{"rendered":"<p>\u0130zelta\u015f 2110100010 10 A\u011f\u0131r Tip Boru Anahtar\u0131<\/p>\n","protected":false},"excerpt":{"rendered":"<p>\u0130zelta\u015f 2110100010 10 A\u011f\u0131r Tip Boru Anahtar\u0131<\/p>\n","protected":false},"featured_media":18551,"comment_status":"open","ping_status":"closed","template":"","meta":[],"product_cat":[113,126,142,140],"product_tag":[432],"class_list":{"0":"post-18550","1":"product","2":"type-product","3":"status-publish","4":"has-post-thumbnail","6":"product_cat-el-aletleri","7":"product_cat-anahtar-cesitleri","8":"product_cat-boru-anahtarlari","9":"product_cat-boru-anahtarlari-ve-penseler","10":"product_tag-izeltas-2110100010","12":"first","13":"outofstock","14":"taxable","15":"shipping-taxable","16":"product-type-simple"},"_links":{"self":[{"href":"https:\/\/hirdavatustasi.com\/en\/wp-json\/wp\/v2\/product\/18550","targetHints":{"allow":["GET"]}}],"collection":[{"href":"https:\/\/hirdavatustasi.com\/en\/wp-json\/wp\/v2\/product"}],"about":[{"href":"https:\/\/hirdavatustasi.com\/en\/wp-json\/wp\/v2\/types\/product"}],"replies":[{"embeddable":true,"href":"https:\/\/hirdavatustasi.com\/en\/wp-json\/wp\/v2\/comments?post=18550"}],"version-history":[{"count":2,"href":"https:\/\/hirdavatustasi.com\/en\/wp-json\/wp\/v2\/product\/18550\/revisions"}],"predecessor-version":[{"id":18554,"href":"https:\/\/hirdavatustasi.com\/en\/wp-json\/wp\/v2\/product\/18550\/revisions\/18554"}],"wp:featuredmedia":[{"embeddable":true,"href":"https:\/\/hirdavatustasi.com\/en\/wp-json\/wp\/v2\/media\/18551"}],"wp:attachment":[{"href":"https:\/\/hirdavatustasi.com\/en\/wp-json\/wp\/v2\/media?parent=18550"}],"wp:term":[{"taxonomy":"product_cat","embeddable":true,"href":"https:\/\/hirdavatustasi.com\/en\/wp-json\/wp\/v2\/product_cat?post=18550"},{"taxonomy":"product_tag","embeddable":true,"href":"https:\/\/hirdavatustasi.com\/en\/wp-json\/wp\/v2\/product_tag?post=18550"}],"curies":[{"name":"wp","href":"https:\/\/api.w.org\/{rel}","templated":true}]}}