{"id":18638,"date":"2024-01-01T20:18:13","date_gmt":"2024-01-01T20:18:13","guid":{"rendered":"https:\/?post_type=product&#038;p=18638"},"modified":"2024-01-01T20:35:09","modified_gmt":"2024-01-01T20:35:09","slug":"izeltas-0330-kombine-anahtar-uzun-boy-27-mm","status":"publish","type":"product","link":"https:\/\/hirdavatustasi.com\/en\/urun\/izeltas-0330-kombine-anahtar-uzun-boy-27-mm\/","title":{"rendered":"\u0130zelta\u015f 0330 Kombine Anahtar Uzun Boy 27 mm"},"content":{"rendered":"<p>\u0130zelta\u015f 0330 Kombine Anahtar Uzun Boy 27 mm<\/p>\n","protected":false},"excerpt":{"rendered":"<p>\u0130zelta\u015f 0330 Kombine Anahtar Uzun Boy 27 mm<\/p>\n","protected":false},"featured_media":18618,"comment_status":"open","ping_status":"closed","template":"","meta":[],"product_cat":[113,126,129],"product_tag":[459,446],"class_list":{"0":"post-18638","1":"product","2":"type-product","3":"status-publish","4":"has-post-thumbnail","6":"product_cat-el-aletleri","7":"product_cat-anahtar-cesitleri","8":"product_cat-kombine-anahtar","9":"product_tag-27-mm","10":"product_tag-izeltas-0330","12":"first","13":"outofstock","14":"taxable","15":"shipping-taxable","16":"product-type-simple"},"_links":{"self":[{"href":"https:\/\/hirdavatustasi.com\/en\/wp-json\/wp\/v2\/product\/18638","targetHints":{"allow":["GET"]}}],"collection":[{"href":"https:\/\/hirdavatustasi.com\/en\/wp-json\/wp\/v2\/product"}],"about":[{"href":"https:\/\/hirdavatustasi.com\/en\/wp-json\/wp\/v2\/types\/product"}],"replies":[{"embeddable":true,"href":"https:\/\/hirdavatustasi.com\/en\/wp-json\/wp\/v2\/comments?post=18638"}],"version-history":[{"count":1,"href":"https:\/\/hirdavatustasi.com\/en\/wp-json\/wp\/v2\/product\/18638\/revisions"}],"predecessor-version":[{"id":18639,"href":"https:\/\/hirdavatustasi.com\/en\/wp-json\/wp\/v2\/product\/18638\/revisions\/18639"}],"wp:featuredmedia":[{"embeddable":true,"href":"https:\/\/hirdavatustasi.com\/en\/wp-json\/wp\/v2\/media\/18618"}],"wp:attachment":[{"href":"https:\/\/hirdavatustasi.com\/en\/wp-json\/wp\/v2\/media?parent=18638"}],"wp:term":[{"taxonomy":"product_cat","embeddable":true,"href":"https:\/\/hirdavatustasi.com\/en\/wp-json\/wp\/v2\/product_cat?post=18638"},{"taxonomy":"product_tag","embeddable":true,"href":"https:\/\/hirdavatustasi.com\/en\/wp-json\/wp\/v2\/product_tag?post=18638"}],"curies":[{"name":"wp","href":"https:\/\/api.w.org\/{rel}","templated":true}]}}