{"id":18640,"date":"2024-01-01T20:27:03","date_gmt":"2024-01-01T20:27:03","guid":{"rendered":"https:\/?post_type=product&#038;p=18640"},"modified":"2024-07-08T17:54:43","modified_gmt":"2024-07-08T17:54:43","slug":"izeltas-0330-kombine-anahtar-uzun-boy30-mm","status":"publish","type":"product","link":"https:\/\/hirdavatustasi.com\/en\/urun\/izeltas-0330-kombine-anahtar-uzun-boy30-mm\/","title":{"rendered":"\u0130zelta\u015f 0330 Kombine Anahtar Uzun Boy 30 mm"},"content":{"rendered":"<p>\u0130zelta\u015f 0330 Kombine Anahtar Uzun Boy 30 mm<\/p>\n","protected":false},"excerpt":{"rendered":"<p>\u0130zelta\u015f 0330 Kombine Anahtar Uzun Boy 30 mm<\/p>\n","protected":false},"featured_media":18610,"comment_status":"open","ping_status":"closed","template":"","meta":[],"product_cat":[113,126,129],"product_tag":[460,446],"class_list":{"0":"post-18640","1":"product","2":"type-product","3":"status-publish","4":"has-post-thumbnail","6":"product_cat-el-aletleri","7":"product_cat-anahtar-cesitleri","8":"product_cat-kombine-anahtar","9":"product_tag-30-mm","10":"product_tag-izeltas-0330","12":"first","13":"outofstock","14":"taxable","15":"shipping-taxable","16":"product-type-simple"},"_links":{"self":[{"href":"https:\/\/hirdavatustasi.com\/en\/wp-json\/wp\/v2\/product\/18640","targetHints":{"allow":["GET"]}}],"collection":[{"href":"https:\/\/hirdavatustasi.com\/en\/wp-json\/wp\/v2\/product"}],"about":[{"href":"https:\/\/hirdavatustasi.com\/en\/wp-json\/wp\/v2\/types\/product"}],"replies":[{"embeddable":true,"href":"https:\/\/hirdavatustasi.com\/en\/wp-json\/wp\/v2\/comments?post=18640"}],"version-history":[{"count":3,"href":"https:\/\/hirdavatustasi.com\/en\/wp-json\/wp\/v2\/product\/18640\/revisions"}],"predecessor-version":[{"id":18643,"href":"https:\/\/hirdavatustasi.com\/en\/wp-json\/wp\/v2\/product\/18640\/revisions\/18643"}],"wp:featuredmedia":[{"embeddable":true,"href":"https:\/\/hirdavatustasi.com\/en\/wp-json\/wp\/v2\/media\/18610"}],"wp:attachment":[{"href":"https:\/\/hirdavatustasi.com\/en\/wp-json\/wp\/v2\/media?parent=18640"}],"wp:term":[{"taxonomy":"product_cat","embeddable":true,"href":"https:\/\/hirdavatustasi.com\/en\/wp-json\/wp\/v2\/product_cat?post=18640"},{"taxonomy":"product_tag","embeddable":true,"href":"https:\/\/hirdavatustasi.com\/en\/wp-json\/wp\/v2\/product_tag?post=18640"}],"curies":[{"name":"wp","href":"https:\/\/api.w.org\/{rel}","templated":true}]}}