{"id":18644,"date":"2024-01-02T20:12:10","date_gmt":"2024-01-02T20:12:10","guid":{"rendered":"https:\/?post_type=product&#038;p=18644"},"modified":"2024-01-02T22:25:35","modified_gmt":"2024-01-02T22:25:35","slug":"welder-multimig-250-pfc-mv-gazalti-kaynak-makinesi-torc-8698216440844","status":"publish","type":"product","link":"https:\/\/hirdavatustasi.com\/en\/urun\/welder-multimig-250-pfc-mv-gazalti-kaynak-makinesi-torc-8698216440844\/","title":{"rendered":"Welder Multimig 250 PFC MV Gazalt\u0131 Kaynak Makinesi + Tor\u00e7 8698216440844"},"content":{"rendered":"<p>Welder Multimig 250 PFC MV Gazalt\u0131 Kaynak Makinesi + Tor\u00e7 8698216440844<\/p>\n","protected":false},"excerpt":{"rendered":"<p>Welder Multimig 250 PFC MV Gazalt\u0131 Kaynak Makinesi + Tor\u00e7 8698216440844<\/p>\n","protected":false},"featured_media":18645,"comment_status":"open","ping_status":"closed","template":"","meta":[],"product_cat":[113,53,211],"product_tag":[462,461],"class_list":{"0":"post-18644","1":"product","2":"type-product","3":"status-publish","4":"has-post-thumbnail","6":"product_cat-el-aletleri","7":"product_cat-elektrikli-akulu-havali","8":"product_cat-kaynak-makineleri","9":"product_tag-250-pfc-mv","10":"product_tag-welder-multimig","12":"first","13":"outofstock","14":"taxable","15":"shipping-taxable","16":"product-type-simple"},"_links":{"self":[{"href":"https:\/\/hirdavatustasi.com\/en\/wp-json\/wp\/v2\/product\/18644","targetHints":{"allow":["GET"]}}],"collection":[{"href":"https:\/\/hirdavatustasi.com\/en\/wp-json\/wp\/v2\/product"}],"about":[{"href":"https:\/\/hirdavatustasi.com\/en\/wp-json\/wp\/v2\/types\/product"}],"replies":[{"embeddable":true,"href":"https:\/\/hirdavatustasi.com\/en\/wp-json\/wp\/v2\/comments?post=18644"}],"version-history":[{"count":2,"href":"https:\/\/hirdavatustasi.com\/en\/wp-json\/wp\/v2\/product\/18644\/revisions"}],"predecessor-version":[{"id":18648,"href":"https:\/\/hirdavatustasi.com\/en\/wp-json\/wp\/v2\/product\/18644\/revisions\/18648"}],"wp:featuredmedia":[{"embeddable":true,"href":"https:\/\/hirdavatustasi.com\/en\/wp-json\/wp\/v2\/media\/18645"}],"wp:attachment":[{"href":"https:\/\/hirdavatustasi.com\/en\/wp-json\/wp\/v2\/media?parent=18644"}],"wp:term":[{"taxonomy":"product_cat","embeddable":true,"href":"https:\/\/hirdavatustasi.com\/en\/wp-json\/wp\/v2\/product_cat?post=18644"},{"taxonomy":"product_tag","embeddable":true,"href":"https:\/\/hirdavatustasi.com\/en\/wp-json\/wp\/v2\/product_tag?post=18644"}],"curies":[{"name":"wp","href":"https:\/\/api.w.org\/{rel}","templated":true}]}}