{"id":18649,"date":"2024-01-02T20:20:54","date_gmt":"2024-01-02T20:20:54","guid":{"rendered":"https:\/?post_type=product&#038;p=18649"},"modified":"2024-01-02T20:20:54","modified_gmt":"2024-01-02T20:20:54","slug":"power-wash-apw-vqa-200p-basincli-yikama-makines","status":"publish","type":"product","link":"https:\/\/hirdavatustasi.com\/en\/urun\/power-wash-apw-vqa-200p-basincli-yikama-makines\/","title":{"rendered":"Power Wash APW-VQA-200P Bas\u0131n\u00e7l\u0131 Y\u0131kama Makines"},"content":{"rendered":"<p>Power Wash APW-VQA-200P Bas\u0131n\u00e7l\u0131 Y\u0131kama Makines<\/p>\n","protected":false},"excerpt":{"rendered":"<p>Power Wash APW-VQA-200P Bas\u0131n\u00e7l\u0131 Y\u0131kama Makines<\/p>\n","protected":false},"featured_media":18650,"comment_status":"open","ping_status":"closed","template":"","meta":[],"product_cat":[113,217],"product_tag":[464,463],"class_list":{"0":"post-18649","1":"product","2":"type-product","3":"status-publish","4":"has-post-thumbnail","6":"product_cat-el-aletleri","7":"product_cat-temizlik-makineleri","8":"product_tag-apw-vqa-200p","9":"product_tag-power-wash","11":"first","12":"outofstock","13":"taxable","14":"shipping-taxable","15":"product-type-simple"},"_links":{"self":[{"href":"https:\/\/hirdavatustasi.com\/en\/wp-json\/wp\/v2\/product\/18649","targetHints":{"allow":["GET"]}}],"collection":[{"href":"https:\/\/hirdavatustasi.com\/en\/wp-json\/wp\/v2\/product"}],"about":[{"href":"https:\/\/hirdavatustasi.com\/en\/wp-json\/wp\/v2\/types\/product"}],"replies":[{"embeddable":true,"href":"https:\/\/hirdavatustasi.com\/en\/wp-json\/wp\/v2\/comments?post=18649"}],"version-history":[{"count":1,"href":"https:\/\/hirdavatustasi.com\/en\/wp-json\/wp\/v2\/product\/18649\/revisions"}],"predecessor-version":[{"id":18652,"href":"https:\/\/hirdavatustasi.com\/en\/wp-json\/wp\/v2\/product\/18649\/revisions\/18652"}],"wp:featuredmedia":[{"embeddable":true,"href":"https:\/\/hirdavatustasi.com\/en\/wp-json\/wp\/v2\/media\/18650"}],"wp:attachment":[{"href":"https:\/\/hirdavatustasi.com\/en\/wp-json\/wp\/v2\/media?parent=18649"}],"wp:term":[{"taxonomy":"product_cat","embeddable":true,"href":"https:\/\/hirdavatustasi.com\/en\/wp-json\/wp\/v2\/product_cat?post=18649"},{"taxonomy":"product_tag","embeddable":true,"href":"https:\/\/hirdavatustasi.com\/en\/wp-json\/wp\/v2\/product_tag?post=18649"}],"curies":[{"name":"wp","href":"https:\/\/api.w.org\/{rel}","templated":true}]}}