{"id":18675,"date":"2024-01-02T21:11:16","date_gmt":"2024-01-02T21:11:16","guid":{"rendered":"https:\/?post_type=product&#038;p=18675"},"modified":"2026-04-02T16:55:10","modified_gmt":"2026-04-02T16:55:10","slug":"bosch-gsb-180-li-18v-15-ah-akulu-darbeli-vidalama","status":"publish","type":"product","link":"https:\/\/hirdavatustasi.com\/en\/urun\/bosch-gsb-180-li-18v-15-ah-akulu-darbeli-vidalama\/","title":{"rendered":"Bosch GSB 180-LI 18V 1,5 Ah Ak\u00fcl\u00fc Darbeli Vidalama"},"content":{"rendered":"<p>Bosch GSB 180-LI 18V 1,5 Ah Ak\u00fcl\u00fc Darbeli Vidalama<\/p>\n","protected":false},"excerpt":{"rendered":"<p>Bosch GSB 180-LI 18V 1,5 Ah Ak\u00fcl\u00fc Darbeli Vidalama<\/p>\n","protected":false},"featured_media":18676,"comment_status":"open","ping_status":"closed","template":"","meta":[],"product_cat":[113,175,158,53],"product_tag":[474,472],"class_list":{"0":"post-18675","1":"product","2":"type-product","3":"status-publish","4":"has-post-thumbnail","6":"product_cat-el-aletleri","7":"product_cat-akulu-el-aletleri","8":"product_cat-elektrikli-el-aletleri","9":"product_cat-elektrikli-akulu-havali","10":"product_tag-180-li-18v","11":"product_tag-bosch-gsb","13":"first","14":"outofstock","15":"taxable","16":"shipping-taxable","17":"product-type-simple"},"_links":{"self":[{"href":"https:\/\/hirdavatustasi.com\/en\/wp-json\/wp\/v2\/product\/18675","targetHints":{"allow":["GET"]}}],"collection":[{"href":"https:\/\/hirdavatustasi.com\/en\/wp-json\/wp\/v2\/product"}],"about":[{"href":"https:\/\/hirdavatustasi.com\/en\/wp-json\/wp\/v2\/types\/product"}],"replies":[{"embeddable":true,"href":"https:\/\/hirdavatustasi.com\/en\/wp-json\/wp\/v2\/comments?post=18675"}],"version-history":[{"count":1,"href":"https:\/\/hirdavatustasi.com\/en\/wp-json\/wp\/v2\/product\/18675\/revisions"}],"predecessor-version":[{"id":18678,"href":"https:\/\/hirdavatustasi.com\/en\/wp-json\/wp\/v2\/product\/18675\/revisions\/18678"}],"wp:featuredmedia":[{"embeddable":true,"href":"https:\/\/hirdavatustasi.com\/en\/wp-json\/wp\/v2\/media\/18676"}],"wp:attachment":[{"href":"https:\/\/hirdavatustasi.com\/en\/wp-json\/wp\/v2\/media?parent=18675"}],"wp:term":[{"taxonomy":"product_cat","embeddable":true,"href":"https:\/\/hirdavatustasi.com\/en\/wp-json\/wp\/v2\/product_cat?post=18675"},{"taxonomy":"product_tag","embeddable":true,"href":"https:\/\/hirdavatustasi.com\/en\/wp-json\/wp\/v2\/product_tag?post=18675"}],"curies":[{"name":"wp","href":"https:\/\/api.w.org\/{rel}","templated":true}]}}