{"id":18683,"date":"2024-01-02T21:26:23","date_gmt":"2024-01-02T21:26:23","guid":{"rendered":"https:\/?post_type=product&#038;p=18683"},"modified":"2025-04-11T23:15:51","modified_gmt":"2025-04-11T23:15:51","slug":"bosch-easycut-12-baretool-aku-ve-sarj-cihazi-dahil-degil-akulu-nanoblade-teste","status":"publish","type":"product","link":"https:\/\/hirdavatustasi.com\/en\/urun\/bosch-easycut-12-baretool-aku-ve-sarj-cihazi-dahil-degil-akulu-nanoblade-teste\/","title":{"rendered":"Bosch EasyCut 12 Baretool (Ak\u00fc ve \u015earj Cihaz\u0131 Dahil De\u011fil) Ak\u00fcl\u00fc NanoBlade Teste"},"content":{"rendered":"<p>Bosch EasyCut 12 Baretool (Ak\u00fc ve \u015earj Cihaz\u0131 Dahil De\u011fil) Ak\u00fcl\u00fc NanoBlade Teste<\/p>\n","protected":false},"excerpt":{"rendered":"<p>Bosch EasyCut 12 Baretool (Ak\u00fc ve \u015earj Cihaz\u0131 Dahil De\u011fil) Ak\u00fcl\u00fc NanoBlade Teste<\/p>\n","protected":false},"featured_media":18684,"comment_status":"open","ping_status":"closed","template":"","meta":[],"product_cat":[113,175,176,158,53],"product_tag":[470,476],"class_list":{"0":"post-18683","1":"product","2":"type-product","3":"status-publish","4":"has-post-thumbnail","6":"product_cat-el-aletleri","7":"product_cat-akulu-el-aletleri","8":"product_cat-akulu-matkaplar","9":"product_cat-elektrikli-el-aletleri","10":"product_cat-elektrikli-akulu-havali","11":"product_tag-bosch","12":"product_tag-easycut-12-baretool","14":"first","15":"outofstock","16":"taxable","17":"shipping-taxable","18":"product-type-simple"},"_links":{"self":[{"href":"https:\/\/hirdavatustasi.com\/en\/wp-json\/wp\/v2\/product\/18683","targetHints":{"allow":["GET"]}}],"collection":[{"href":"https:\/\/hirdavatustasi.com\/en\/wp-json\/wp\/v2\/product"}],"about":[{"href":"https:\/\/hirdavatustasi.com\/en\/wp-json\/wp\/v2\/types\/product"}],"replies":[{"embeddable":true,"href":"https:\/\/hirdavatustasi.com\/en\/wp-json\/wp\/v2\/comments?post=18683"}],"version-history":[{"count":1,"href":"https:\/\/hirdavatustasi.com\/en\/wp-json\/wp\/v2\/product\/18683\/revisions"}],"predecessor-version":[{"id":18686,"href":"https:\/\/hirdavatustasi.com\/en\/wp-json\/wp\/v2\/product\/18683\/revisions\/18686"}],"wp:featuredmedia":[{"embeddable":true,"href":"https:\/\/hirdavatustasi.com\/en\/wp-json\/wp\/v2\/media\/18684"}],"wp:attachment":[{"href":"https:\/\/hirdavatustasi.com\/en\/wp-json\/wp\/v2\/media?parent=18683"}],"wp:term":[{"taxonomy":"product_cat","embeddable":true,"href":"https:\/\/hirdavatustasi.com\/en\/wp-json\/wp\/v2\/product_cat?post=18683"},{"taxonomy":"product_tag","embeddable":true,"href":"https:\/\/hirdavatustasi.com\/en\/wp-json\/wp\/v2\/product_tag?post=18683"}],"curies":[{"name":"wp","href":"https:\/\/api.w.org\/{rel}","templated":true}]}}