{"id":18692,"date":"2024-01-02T21:38:41","date_gmt":"2024-01-02T21:38:41","guid":{"rendered":"https:\/?post_type=product&#038;p=18692"},"modified":"2025-04-11T23:19:36","modified_gmt":"2025-04-11T23:19:36","slug":"bosch-professional-gws-750-s-avuc-taslama","status":"publish","type":"product","link":"https:\/\/hirdavatustasi.com\/en\/urun\/bosch-professional-gws-750-s-avuc-taslama\/","title":{"rendered":"Bosch Professional GWS 750 S Avu\u00e7 Ta\u015flama"},"content":{"rendered":"<p>Bosch Professional GWS 750 S Avu\u00e7 Ta\u015flama<\/p>\n","protected":false},"excerpt":{"rendered":"<p>Bosch Professional GWS 750 S Avu\u00e7 Ta\u015flama<\/p>\n","protected":false},"featured_media":18693,"comment_status":"open","ping_status":"closed","template":"","meta":[],"product_cat":[113,158,53,169],"product_tag":[478,479],"class_list":{"0":"post-18692","1":"product","2":"type-product","3":"status-publish","4":"has-post-thumbnail","6":"product_cat-el-aletleri","7":"product_cat-elektrikli-el-aletleri","8":"product_cat-elektrikli-akulu-havali","9":"product_cat-taslamalar","10":"product_tag-bosch-professional","11":"product_tag-gws-750","13":"first","14":"outofstock","15":"taxable","16":"shipping-taxable","17":"product-type-simple"},"_links":{"self":[{"href":"https:\/\/hirdavatustasi.com\/en\/wp-json\/wp\/v2\/product\/18692","targetHints":{"allow":["GET"]}}],"collection":[{"href":"https:\/\/hirdavatustasi.com\/en\/wp-json\/wp\/v2\/product"}],"about":[{"href":"https:\/\/hirdavatustasi.com\/en\/wp-json\/wp\/v2\/types\/product"}],"replies":[{"embeddable":true,"href":"https:\/\/hirdavatustasi.com\/en\/wp-json\/wp\/v2\/comments?post=18692"}],"version-history":[{"count":2,"href":"https:\/\/hirdavatustasi.com\/en\/wp-json\/wp\/v2\/product\/18692\/revisions"}],"predecessor-version":[{"id":18704,"href":"https:\/\/hirdavatustasi.com\/en\/wp-json\/wp\/v2\/product\/18692\/revisions\/18704"}],"wp:featuredmedia":[{"embeddable":true,"href":"https:\/\/hirdavatustasi.com\/en\/wp-json\/wp\/v2\/media\/18693"}],"wp:attachment":[{"href":"https:\/\/hirdavatustasi.com\/en\/wp-json\/wp\/v2\/media?parent=18692"}],"wp:term":[{"taxonomy":"product_cat","embeddable":true,"href":"https:\/\/hirdavatustasi.com\/en\/wp-json\/wp\/v2\/product_cat?post=18692"},{"taxonomy":"product_tag","embeddable":true,"href":"https:\/\/hirdavatustasi.com\/en\/wp-json\/wp\/v2\/product_tag?post=18692"}],"curies":[{"name":"wp","href":"https:\/\/api.w.org\/{rel}","templated":true}]}}