{"id":18700,"date":"2024-01-02T21:50:04","date_gmt":"2024-01-02T21:50:04","guid":{"rendered":"https:\/?post_type=product&#038;p=18700"},"modified":"2025-04-11T23:18:37","modified_gmt":"2025-04-11T23:18:37","slug":"bosch-gsh-11e-1500w-kirici","status":"publish","type":"product","link":"https:\/\/hirdavatustasi.com\/en\/urun\/bosch-gsh-11e-1500w-kirici\/","title":{"rendered":"Bosch GSH 11E 1500W K\u0131r\u0131c\u0131"},"content":{"rendered":"<p>Bosch GSH 11E 1500W K\u0131r\u0131c\u0131<\/p>\n","protected":false},"excerpt":{"rendered":"<p>Bosch GSH 11E 1500W K\u0131r\u0131c\u0131<\/p>\n","protected":false},"featured_media":18701,"comment_status":"open","ping_status":"closed","template":"","meta":[],"product_cat":[113,158,53,168],"product_tag":[470,481],"class_list":{"0":"post-18700","1":"product","2":"type-product","3":"status-publish","4":"has-post-thumbnail","6":"product_cat-el-aletleri","7":"product_cat-elektrikli-el-aletleri","8":"product_cat-elektrikli-akulu-havali","9":"product_cat-kirici-ve-deliciler","10":"product_tag-bosch","11":"product_tag-gsh-11e","13":"first","14":"outofstock","15":"taxable","16":"shipping-taxable","17":"product-type-simple"},"_links":{"self":[{"href":"https:\/\/hirdavatustasi.com\/en\/wp-json\/wp\/v2\/product\/18700","targetHints":{"allow":["GET"]}}],"collection":[{"href":"https:\/\/hirdavatustasi.com\/en\/wp-json\/wp\/v2\/product"}],"about":[{"href":"https:\/\/hirdavatustasi.com\/en\/wp-json\/wp\/v2\/types\/product"}],"replies":[{"embeddable":true,"href":"https:\/\/hirdavatustasi.com\/en\/wp-json\/wp\/v2\/comments?post=18700"}],"version-history":[{"count":1,"href":"https:\/\/hirdavatustasi.com\/en\/wp-json\/wp\/v2\/product\/18700\/revisions"}],"predecessor-version":[{"id":18703,"href":"https:\/\/hirdavatustasi.com\/en\/wp-json\/wp\/v2\/product\/18700\/revisions\/18703"}],"wp:featuredmedia":[{"embeddable":true,"href":"https:\/\/hirdavatustasi.com\/en\/wp-json\/wp\/v2\/media\/18701"}],"wp:attachment":[{"href":"https:\/\/hirdavatustasi.com\/en\/wp-json\/wp\/v2\/media?parent=18700"}],"wp:term":[{"taxonomy":"product_cat","embeddable":true,"href":"https:\/\/hirdavatustasi.com\/en\/wp-json\/wp\/v2\/product_cat?post=18700"},{"taxonomy":"product_tag","embeddable":true,"href":"https:\/\/hirdavatustasi.com\/en\/wp-json\/wp\/v2\/product_tag?post=18700"}],"curies":[{"name":"wp","href":"https:\/\/api.w.org\/{rel}","templated":true}]}}