{"id":18705,"date":"2024-01-03T19:45:37","date_gmt":"2024-01-03T19:45:37","guid":{"rendered":"https:\/?post_type=product&#038;p=18705"},"modified":"2024-01-10T21:43:40","modified_gmt":"2024-01-10T21:43:40","slug":"izeltas-yildiz-iki-agiz-anahtar-21x23","status":"publish","type":"product","link":"https:\/\/hirdavatustasi.com\/en\/urun\/izeltas-yildiz-iki-agiz-anahtar-21x23\/","title":{"rendered":"\u0130zelta\u015f Y\u0131ld\u0131z \u0130ki A\u011f\u0131z Anahtar 21&#215;23"},"content":{"rendered":"<p>\u0130zelta\u015f Y\u0131ld\u0131z \u0130ki A\u011f\u0131z Anahtar 21&#215;23<\/p>\n","protected":false},"excerpt":{"rendered":"<p>\u0130zelta\u015f Y\u0131ld\u0131z \u0130ki A\u011f\u0131z Anahtar 21&#215;23<\/p>\n","protected":false},"featured_media":18706,"comment_status":"open","ping_status":"closed","template":"","meta":[],"product_cat":[113,126,128,132],"product_tag":[362,482],"class_list":{"0":"post-18705","1":"product","2":"type-product","3":"status-publish","4":"has-post-thumbnail","6":"product_cat-el-aletleri","7":"product_cat-anahtar-cesitleri","8":"product_cat-iki-agiz-anahtar","9":"product_cat-yildiz-iki-agiz-anahtar","10":"product_tag-izeltas","11":"product_tag-yildiz-iki-agiz-anahtar","13":"first","14":"outofstock","15":"taxable","16":"shipping-taxable","17":"product-type-simple"},"_links":{"self":[{"href":"https:\/\/hirdavatustasi.com\/en\/wp-json\/wp\/v2\/product\/18705","targetHints":{"allow":["GET"]}}],"collection":[{"href":"https:\/\/hirdavatustasi.com\/en\/wp-json\/wp\/v2\/product"}],"about":[{"href":"https:\/\/hirdavatustasi.com\/en\/wp-json\/wp\/v2\/types\/product"}],"replies":[{"embeddable":true,"href":"https:\/\/hirdavatustasi.com\/en\/wp-json\/wp\/v2\/comments?post=18705"}],"version-history":[{"count":1,"href":"https:\/\/hirdavatustasi.com\/en\/wp-json\/wp\/v2\/product\/18705\/revisions"}],"predecessor-version":[{"id":18708,"href":"https:\/\/hirdavatustasi.com\/en\/wp-json\/wp\/v2\/product\/18705\/revisions\/18708"}],"wp:featuredmedia":[{"embeddable":true,"href":"https:\/\/hirdavatustasi.com\/en\/wp-json\/wp\/v2\/media\/18706"}],"wp:attachment":[{"href":"https:\/\/hirdavatustasi.com\/en\/wp-json\/wp\/v2\/media?parent=18705"}],"wp:term":[{"taxonomy":"product_cat","embeddable":true,"href":"https:\/\/hirdavatustasi.com\/en\/wp-json\/wp\/v2\/product_cat?post=18705"},{"taxonomy":"product_tag","embeddable":true,"href":"https:\/\/hirdavatustasi.com\/en\/wp-json\/wp\/v2\/product_tag?post=18705"}],"curies":[{"name":"wp","href":"https:\/\/api.w.org\/{rel}","templated":true}]}}