{"id":18710,"date":"2024-01-03T19:51:15","date_gmt":"2024-01-03T19:51:15","guid":{"rendered":"https:\/?post_type=product&#038;p=18710"},"modified":"2024-01-03T19:51:16","modified_gmt":"2024-01-03T19:51:16","slug":"izeltas-yildiz-iki-agiz-anahtar-18x19-mm","status":"publish","type":"product","link":"https:\/\/hirdavatustasi.com\/en\/urun\/izeltas-yildiz-iki-agiz-anahtar-18x19-mm\/","title":{"rendered":"\u0130zelta\u015f Y\u0131ld\u0131z \u0130ki A\u011f\u0131z Anahtar 18&#215;19 mm"},"content":{"rendered":"<p>\u0130zelta\u015f Y\u0131ld\u0131z \u0130ki A\u011f\u0131z Anahtar 18&#215;19 mm<\/p>\n","protected":false},"excerpt":{"rendered":"<p>\u0130zelta\u015f Y\u0131ld\u0131z \u0130ki A\u011f\u0131z Anahtar 18&#215;19 mm<\/p>\n","protected":false},"featured_media":18711,"comment_status":"open","ping_status":"closed","template":"","meta":[],"product_cat":[113,126,128,132],"product_tag":[362,482],"class_list":{"0":"post-18710","1":"product","2":"type-product","3":"status-publish","4":"has-post-thumbnail","6":"product_cat-el-aletleri","7":"product_cat-anahtar-cesitleri","8":"product_cat-iki-agiz-anahtar","9":"product_cat-yildiz-iki-agiz-anahtar","10":"product_tag-izeltas","11":"product_tag-yildiz-iki-agiz-anahtar","13":"first","14":"outofstock","15":"taxable","16":"shipping-taxable","17":"product-type-simple"},"_links":{"self":[{"href":"https:\/\/hirdavatustasi.com\/en\/wp-json\/wp\/v2\/product\/18710","targetHints":{"allow":["GET"]}}],"collection":[{"href":"https:\/\/hirdavatustasi.com\/en\/wp-json\/wp\/v2\/product"}],"about":[{"href":"https:\/\/hirdavatustasi.com\/en\/wp-json\/wp\/v2\/types\/product"}],"replies":[{"embeddable":true,"href":"https:\/\/hirdavatustasi.com\/en\/wp-json\/wp\/v2\/comments?post=18710"}],"version-history":[{"count":1,"href":"https:\/\/hirdavatustasi.com\/en\/wp-json\/wp\/v2\/product\/18710\/revisions"}],"predecessor-version":[{"id":18713,"href":"https:\/\/hirdavatustasi.com\/en\/wp-json\/wp\/v2\/product\/18710\/revisions\/18713"}],"wp:featuredmedia":[{"embeddable":true,"href":"https:\/\/hirdavatustasi.com\/en\/wp-json\/wp\/v2\/media\/18711"}],"wp:attachment":[{"href":"https:\/\/hirdavatustasi.com\/en\/wp-json\/wp\/v2\/media?parent=18710"}],"wp:term":[{"taxonomy":"product_cat","embeddable":true,"href":"https:\/\/hirdavatustasi.com\/en\/wp-json\/wp\/v2\/product_cat?post=18710"},{"taxonomy":"product_tag","embeddable":true,"href":"https:\/\/hirdavatustasi.com\/en\/wp-json\/wp\/v2\/product_tag?post=18710"}],"curies":[{"name":"wp","href":"https:\/\/api.w.org\/{rel}","templated":true}]}}