{"id":18716,"date":"2024-01-03T20:01:46","date_gmt":"2024-01-03T20:01:46","guid":{"rendered":"https:\/?post_type=product&#038;p=18716"},"modified":"2024-01-10T21:41:05","modified_gmt":"2024-01-10T21:41:05","slug":"izeltas-yildiz-iki-agiz-anahtar-10x11mm","status":"publish","type":"product","link":"https:\/\/hirdavatustasi.com\/en\/urun\/izeltas-yildiz-iki-agiz-anahtar-10x11mm\/","title":{"rendered":"\u0130zelta\u015f Y\u0131ld\u0131z \u0130ki A\u011f\u0131z Anahtar 10X11mm"},"content":{"rendered":"<p>\u0130zelta\u015f Y\u0131ld\u0131z \u0130ki A\u011f\u0131z Anahtar 10X11mm<\/p>\n","protected":false},"excerpt":{"rendered":"<p>\u0130zelta\u015f Y\u0131ld\u0131z \u0130ki A\u011f\u0131z Anahtar 10X11mm<\/p>\n","protected":false},"featured_media":18711,"comment_status":"open","ping_status":"closed","template":"","meta":[],"product_cat":[113,126,128,132],"product_tag":[485,362,484],"class_list":{"0":"post-18716","1":"product","2":"type-product","3":"status-publish","4":"has-post-thumbnail","6":"product_cat-el-aletleri","7":"product_cat-anahtar-cesitleri","8":"product_cat-iki-agiz-anahtar","9":"product_cat-yildiz-iki-agiz-anahtar","10":"product_tag-iki-agiz-anahtar","11":"product_tag-izeltas","12":"product_tag-yildiz","14":"first","15":"outofstock","16":"taxable","17":"shipping-taxable","18":"product-type-simple"},"_links":{"self":[{"href":"https:\/\/hirdavatustasi.com\/en\/wp-json\/wp\/v2\/product\/18716","targetHints":{"allow":["GET"]}}],"collection":[{"href":"https:\/\/hirdavatustasi.com\/en\/wp-json\/wp\/v2\/product"}],"about":[{"href":"https:\/\/hirdavatustasi.com\/en\/wp-json\/wp\/v2\/types\/product"}],"replies":[{"embeddable":true,"href":"https:\/\/hirdavatustasi.com\/en\/wp-json\/wp\/v2\/comments?post=18716"}],"version-history":[{"count":2,"href":"https:\/\/hirdavatustasi.com\/en\/wp-json\/wp\/v2\/product\/18716\/revisions"}],"predecessor-version":[{"id":19277,"href":"https:\/\/hirdavatustasi.com\/en\/wp-json\/wp\/v2\/product\/18716\/revisions\/19277"}],"wp:featuredmedia":[{"embeddable":true,"href":"https:\/\/hirdavatustasi.com\/en\/wp-json\/wp\/v2\/media\/18711"}],"wp:attachment":[{"href":"https:\/\/hirdavatustasi.com\/en\/wp-json\/wp\/v2\/media?parent=18716"}],"wp:term":[{"taxonomy":"product_cat","embeddable":true,"href":"https:\/\/hirdavatustasi.com\/en\/wp-json\/wp\/v2\/product_cat?post=18716"},{"taxonomy":"product_tag","embeddable":true,"href":"https:\/\/hirdavatustasi.com\/en\/wp-json\/wp\/v2\/product_tag?post=18716"}],"curies":[{"name":"wp","href":"https:\/\/api.w.org\/{rel}","templated":true}]}}