{"id":18722,"date":"2024-01-03T20:18:43","date_gmt":"2024-01-03T20:18:43","guid":{"rendered":"https:\/?post_type=product&#038;p=18722"},"modified":"2024-01-10T21:40:34","modified_gmt":"2024-01-10T21:40:34","slug":"izeltas-1513-circir-kolu-1-2","status":"publish","type":"product","link":"https:\/\/hirdavatustasi.com\/en\/urun\/izeltas-1513-circir-kolu-1-2\/","title":{"rendered":"\u0130zelta\u015f 1513 C\u0131rc\u0131r Kolu 1\/2"},"content":{"rendered":"<p>\u0130zelta\u015f 1513 C\u0131rc\u0131r Kolu 1\/2<\/p>\n","protected":false},"excerpt":{"rendered":"<p>\u0130zelta\u015f 1513 C\u0131rc\u0131r Kolu 1\/2<\/p>\n","protected":false},"featured_media":18723,"comment_status":"open","ping_status":"closed","template":"","meta":[],"product_cat":[113,126,69],"product_tag":[488,487],"class_list":{"0":"post-18722","1":"product","2":"type-product","3":"status-publish","4":"has-post-thumbnail","6":"product_cat-el-aletleri","7":"product_cat-anahtar-cesitleri","8":"product_cat-hirdavat","9":"product_tag-circir-kolu","10":"product_tag-izeltas-1513","12":"first","13":"outofstock","14":"taxable","15":"shipping-taxable","16":"product-type-simple"},"_links":{"self":[{"href":"https:\/\/hirdavatustasi.com\/en\/wp-json\/wp\/v2\/product\/18722","targetHints":{"allow":["GET"]}}],"collection":[{"href":"https:\/\/hirdavatustasi.com\/en\/wp-json\/wp\/v2\/product"}],"about":[{"href":"https:\/\/hirdavatustasi.com\/en\/wp-json\/wp\/v2\/types\/product"}],"replies":[{"embeddable":true,"href":"https:\/\/hirdavatustasi.com\/en\/wp-json\/wp\/v2\/comments?post=18722"}],"version-history":[{"count":2,"href":"https:\/\/hirdavatustasi.com\/en\/wp-json\/wp\/v2\/product\/18722\/revisions"}],"predecessor-version":[{"id":19276,"href":"https:\/\/hirdavatustasi.com\/en\/wp-json\/wp\/v2\/product\/18722\/revisions\/19276"}],"wp:featuredmedia":[{"embeddable":true,"href":"https:\/\/hirdavatustasi.com\/en\/wp-json\/wp\/v2\/media\/18723"}],"wp:attachment":[{"href":"https:\/\/hirdavatustasi.com\/en\/wp-json\/wp\/v2\/media?parent=18722"}],"wp:term":[{"taxonomy":"product_cat","embeddable":true,"href":"https:\/\/hirdavatustasi.com\/en\/wp-json\/wp\/v2\/product_cat?post=18722"},{"taxonomy":"product_tag","embeddable":true,"href":"https:\/\/hirdavatustasi.com\/en\/wp-json\/wp\/v2\/product_tag?post=18722"}],"curies":[{"name":"wp","href":"https:\/\/api.w.org\/{rel}","templated":true}]}}