{"id":18726,"date":"2024-01-03T20:31:12","date_gmt":"2024-01-03T20:31:12","guid":{"rendered":"https:\/?post_type=product&#038;p=18726"},"modified":"2024-01-03T20:51:20","modified_gmt":"2024-01-03T20:51:20","slug":"izeltas-1-2-on-iki-kose-lokma-anahtar-takimi-24-parca","status":"publish","type":"product","link":"https:\/\/hirdavatustasi.com\/en\/urun\/izeltas-1-2-on-iki-kose-lokma-anahtar-takimi-24-parca\/","title":{"rendered":"\u0130zelta\u015f 1\/2&#8221; On iki K\u00f6\u015fe Lokma Anahtar Tak\u0131m\u0131 24 Par\u00e7a"},"content":{"rendered":"<p>\u0130zelta\u015f 1\/2&#8221; On iki K\u00f6\u015fe Lokma Anahtar Tak\u0131m\u0131 24 Par\u00e7a<\/p>\n","protected":false},"excerpt":{"rendered":"<p>\u0130zelta\u015f 1\/2&#8221; On iki K\u00f6\u015fe Lokma Anahtar Tak\u0131m\u0131 24 Par\u00e7a<\/p>\n","protected":false},"featured_media":18727,"comment_status":"open","ping_status":"closed","template":"","meta":[],"product_cat":[113,126,137,138,134],"product_tag":[489,362],"class_list":{"0":"post-18726","1":"product","2":"type-product","3":"status-publish","4":"has-post-thumbnail","6":"product_cat-el-aletleri","7":"product_cat-anahtar-cesitleri","8":"product_cat-lokma-anahtarlar","9":"product_cat-lokma-takimlari","10":"product_cat-lokma-ve-bijon-anahtarlari","11":"product_tag-iki-kose-lokma-anahtar-takimi","12":"product_tag-izeltas","14":"first","15":"outofstock","16":"taxable","17":"shipping-taxable","18":"product-type-simple"},"_links":{"self":[{"href":"https:\/\/hirdavatustasi.com\/en\/wp-json\/wp\/v2\/product\/18726","targetHints":{"allow":["GET"]}}],"collection":[{"href":"https:\/\/hirdavatustasi.com\/en\/wp-json\/wp\/v2\/product"}],"about":[{"href":"https:\/\/hirdavatustasi.com\/en\/wp-json\/wp\/v2\/types\/product"}],"replies":[{"embeddable":true,"href":"https:\/\/hirdavatustasi.com\/en\/wp-json\/wp\/v2\/comments?post=18726"}],"version-history":[{"count":2,"href":"https:\/\/hirdavatustasi.com\/en\/wp-json\/wp\/v2\/product\/18726\/revisions"}],"predecessor-version":[{"id":18740,"href":"https:\/\/hirdavatustasi.com\/en\/wp-json\/wp\/v2\/product\/18726\/revisions\/18740"}],"wp:featuredmedia":[{"embeddable":true,"href":"https:\/\/hirdavatustasi.com\/en\/wp-json\/wp\/v2\/media\/18727"}],"wp:attachment":[{"href":"https:\/\/hirdavatustasi.com\/en\/wp-json\/wp\/v2\/media?parent=18726"}],"wp:term":[{"taxonomy":"product_cat","embeddable":true,"href":"https:\/\/hirdavatustasi.com\/en\/wp-json\/wp\/v2\/product_cat?post=18726"},{"taxonomy":"product_tag","embeddable":true,"href":"https:\/\/hirdavatustasi.com\/en\/wp-json\/wp\/v2\/product_tag?post=18726"}],"curies":[{"name":"wp","href":"https:\/\/api.w.org\/{rel}","templated":true}]}}