{"id":18730,"date":"2024-01-03T20:36:54","date_gmt":"2024-01-03T20:36:54","guid":{"rendered":"https:\/?post_type=product&#038;p=18730"},"modified":"2024-01-17T16:59:59","modified_gmt":"2024-01-17T16:59:59","slug":"izeltas-3-4-x-1-2-havali-lokma-adaptoru","status":"publish","type":"product","link":"https:\/\/hirdavatustasi.com\/en\/urun\/izeltas-3-4-x-1-2-havali-lokma-adaptoru\/","title":{"rendered":"\u0130zelta\u015f 3\/4  x 1\/2  Haval\u0131 Lokma Adapt\u00f6r\u00fc"},"content":{"rendered":"<h1>\u0130zelta\u015f 3\/4 x 1\/2 Haval\u0131 Lokma Adapt\u00f6r\u00fc<\/h1>\n","protected":false},"excerpt":{"rendered":"<p>\u0130zelta\u015f 3\/4 x 1\/2 Haval\u0131 Lokma Adapt\u00f6r\u00fc<\/p>\n","protected":false},"featured_media":18731,"comment_status":"open","ping_status":"closed","template":"","meta":[],"product_cat":[113,137,138,134],"product_tag":[490,362],"class_list":{"0":"post-18730","1":"product","2":"type-product","3":"status-publish","4":"has-post-thumbnail","6":"product_cat-el-aletleri","7":"product_cat-lokma-anahtarlar","8":"product_cat-lokma-takimlari","9":"product_cat-lokma-ve-bijon-anahtarlari","10":"product_tag-havali-lokma-adaptoru","11":"product_tag-izeltas","13":"first","14":"outofstock","15":"taxable","16":"shipping-taxable","17":"product-type-simple"},"_links":{"self":[{"href":"https:\/\/hirdavatustasi.com\/en\/wp-json\/wp\/v2\/product\/18730","targetHints":{"allow":["GET"]}}],"collection":[{"href":"https:\/\/hirdavatustasi.com\/en\/wp-json\/wp\/v2\/product"}],"about":[{"href":"https:\/\/hirdavatustasi.com\/en\/wp-json\/wp\/v2\/types\/product"}],"replies":[{"embeddable":true,"href":"https:\/\/hirdavatustasi.com\/en\/wp-json\/wp\/v2\/comments?post=18730"}],"version-history":[{"count":3,"href":"https:\/\/hirdavatustasi.com\/en\/wp-json\/wp\/v2\/product\/18730\/revisions"}],"predecessor-version":[{"id":19374,"href":"https:\/\/hirdavatustasi.com\/en\/wp-json\/wp\/v2\/product\/18730\/revisions\/19374"}],"wp:featuredmedia":[{"embeddable":true,"href":"https:\/\/hirdavatustasi.com\/en\/wp-json\/wp\/v2\/media\/18731"}],"wp:attachment":[{"href":"https:\/\/hirdavatustasi.com\/en\/wp-json\/wp\/v2\/media?parent=18730"}],"wp:term":[{"taxonomy":"product_cat","embeddable":true,"href":"https:\/\/hirdavatustasi.com\/en\/wp-json\/wp\/v2\/product_cat?post=18730"},{"taxonomy":"product_tag","embeddable":true,"href":"https:\/\/hirdavatustasi.com\/en\/wp-json\/wp\/v2\/product_tag?post=18730"}],"curies":[{"name":"wp","href":"https:\/\/api.w.org\/{rel}","templated":true}]}}