{"id":18736,"date":"2024-01-03T20:45:58","date_gmt":"2024-01-03T20:45:58","guid":{"rendered":"https:\/?post_type=product&#038;p=18736"},"modified":"2024-01-10T21:39:36","modified_gmt":"2024-01-10T21:39:36","slug":"full-pm1200-boya-alci-ve-harc-karistirma-mikseri","status":"publish","type":"product","link":"https:\/\/hirdavatustasi.com\/en\/urun\/full-pm1200-boya-alci-ve-harc-karistirma-mikseri\/","title":{"rendered":"FULL PM1200 Boya Al\u00e7\u0131 ve Har\u00e7 Kar\u0131\u015ft\u0131rma Mikseri"},"content":{"rendered":"<p>FULL PM1200 Boya Al\u00e7\u0131 ve Har\u00e7 Kar\u0131\u015ft\u0131rma Mikseri<\/p>\n","protected":false},"excerpt":{"rendered":"<p>FULL PM1200 Boya Al\u00e7\u0131 ve Har\u00e7 Kar\u0131\u015ft\u0131rma Mikseri<\/p>\n","protected":false},"featured_media":18737,"comment_status":"open","ping_status":"closed","template":"","meta":[],"product_cat":[113,69,248],"product_tag":[491],"class_list":{"0":"post-18736","1":"product","2":"type-product","3":"status-publish","4":"has-post-thumbnail","6":"product_cat-el-aletleri","7":"product_cat-hirdavat","8":"product_cat-insaat-ekipman-ve-sarf-malzemeleri","9":"product_tag-full-pm120","11":"first","12":"outofstock","13":"taxable","14":"shipping-taxable","15":"product-type-simple"},"_links":{"self":[{"href":"https:\/\/hirdavatustasi.com\/en\/wp-json\/wp\/v2\/product\/18736","targetHints":{"allow":["GET"]}}],"collection":[{"href":"https:\/\/hirdavatustasi.com\/en\/wp-json\/wp\/v2\/product"}],"about":[{"href":"https:\/\/hirdavatustasi.com\/en\/wp-json\/wp\/v2\/types\/product"}],"replies":[{"embeddable":true,"href":"https:\/\/hirdavatustasi.com\/en\/wp-json\/wp\/v2\/comments?post=18736"}],"version-history":[{"count":2,"href":"https:\/\/hirdavatustasi.com\/en\/wp-json\/wp\/v2\/product\/18736\/revisions"}],"predecessor-version":[{"id":19275,"href":"https:\/\/hirdavatustasi.com\/en\/wp-json\/wp\/v2\/product\/18736\/revisions\/19275"}],"wp:featuredmedia":[{"embeddable":true,"href":"https:\/\/hirdavatustasi.com\/en\/wp-json\/wp\/v2\/media\/18737"}],"wp:attachment":[{"href":"https:\/\/hirdavatustasi.com\/en\/wp-json\/wp\/v2\/media?parent=18736"}],"wp:term":[{"taxonomy":"product_cat","embeddable":true,"href":"https:\/\/hirdavatustasi.com\/en\/wp-json\/wp\/v2\/product_cat?post=18736"},{"taxonomy":"product_tag","embeddable":true,"href":"https:\/\/hirdavatustasi.com\/en\/wp-json\/wp\/v2\/product_tag?post=18736"}],"curies":[{"name":"wp","href":"https:\/\/api.w.org\/{rel}","templated":true}]}}