{"id":18750,"date":"2024-01-04T20:21:47","date_gmt":"2024-01-04T20:21:47","guid":{"rendered":"https:\/?post_type=product&#038;p=18750"},"modified":"2024-01-04T20:22:20","modified_gmt":"2024-01-04T20:22:20","slug":"demir-iz-electronic-250-a-bakir-sargili-canta-kaynak-makinesi","status":"publish","type":"product","link":"https:\/\/hirdavatustasi.com\/en\/urun\/demir-iz-electronic-250-a-bakir-sargili-canta-kaynak-makinesi\/","title":{"rendered":"Demir \u0130z Electronic 250 A Bak\u0131r Sarg\u0131l\u0131 \u00c7anta Kaynak Makinesi"},"content":{"rendered":"<p>Demir \u0130z Electronic 250 A Bak\u0131r Sarg\u0131l\u0131 \u00c7anta Kaynak Makinesi<\/p>\n","protected":false},"excerpt":{"rendered":"<p>Demir \u0130z Electronic 250 A Bak\u0131r Sarg\u0131l\u0131 \u00c7anta Kaynak Makinesi<\/p>\n","protected":false},"featured_media":18751,"comment_status":"open","ping_status":"closed","template":"","meta":[],"product_cat":[53,175,158,211],"product_tag":[497,496],"class_list":{"0":"post-18750","1":"product","2":"type-product","3":"status-publish","4":"has-post-thumbnail","6":"product_cat-elektrikli-akulu-havali","7":"product_cat-akulu-el-aletleri","8":"product_cat-elektrikli-el-aletleri","9":"product_cat-kaynak-makineleri","10":"product_tag-250-a","11":"product_tag-demir-iz-electronic","13":"first","14":"outofstock","15":"taxable","16":"shipping-taxable","17":"product-type-simple"},"_links":{"self":[{"href":"https:\/\/hirdavatustasi.com\/en\/wp-json\/wp\/v2\/product\/18750","targetHints":{"allow":["GET"]}}],"collection":[{"href":"https:\/\/hirdavatustasi.com\/en\/wp-json\/wp\/v2\/product"}],"about":[{"href":"https:\/\/hirdavatustasi.com\/en\/wp-json\/wp\/v2\/types\/product"}],"replies":[{"embeddable":true,"href":"https:\/\/hirdavatustasi.com\/en\/wp-json\/wp\/v2\/comments?post=18750"}],"version-history":[{"count":1,"href":"https:\/\/hirdavatustasi.com\/en\/wp-json\/wp\/v2\/product\/18750\/revisions"}],"predecessor-version":[{"id":18753,"href":"https:\/\/hirdavatustasi.com\/en\/wp-json\/wp\/v2\/product\/18750\/revisions\/18753"}],"wp:featuredmedia":[{"embeddable":true,"href":"https:\/\/hirdavatustasi.com\/en\/wp-json\/wp\/v2\/media\/18751"}],"wp:attachment":[{"href":"https:\/\/hirdavatustasi.com\/en\/wp-json\/wp\/v2\/media?parent=18750"}],"wp:term":[{"taxonomy":"product_cat","embeddable":true,"href":"https:\/\/hirdavatustasi.com\/en\/wp-json\/wp\/v2\/product_cat?post=18750"},{"taxonomy":"product_tag","embeddable":true,"href":"https:\/\/hirdavatustasi.com\/en\/wp-json\/wp\/v2\/product_tag?post=18750"}],"curies":[{"name":"wp","href":"https:\/\/api.w.org\/{rel}","templated":true}]}}