{"id":18754,"date":"2024-01-04T20:31:16","date_gmt":"2024-01-04T20:31:16","guid":{"rendered":"https:\/?post_type=product&#038;p=18754"},"modified":"2024-01-04T20:31:47","modified_gmt":"2024-01-04T20:31:47","slug":"catpower-5106-li-ion-sarjli-matkap-12v-cift-akulu","status":"publish","type":"product","link":"https:\/\/hirdavatustasi.com\/en\/urun\/catpower-5106-li-ion-sarjli-matkap-12v-cift-akulu\/","title":{"rendered":"Catpower 5106 Li-\u0130on \u015earjl\u0131 Matkap 12V \u00c7ift Ak\u00fcl\u00fc"},"content":{"rendered":"<p>Catpower 5106 Li-\u0130on \u015earjl\u0131 Matkap 12V \u00c7ift Ak\u00fcl\u00fc<\/p>\n","protected":false},"excerpt":{"rendered":"<p>Catpower 5106 Li-\u0130on \u015earjl\u0131 Matkap 12V \u00c7ift Ak\u00fcl\u00fc<\/p>\n","protected":false},"featured_media":18755,"comment_status":"open","ping_status":"closed","template":"","meta":[],"product_cat":[113,53,161],"product_tag":[499,498],"class_list":{"0":"post-18754","1":"product","2":"type-product","3":"status-publish","4":"has-post-thumbnail","6":"product_cat-el-aletleri","7":"product_cat-elektrikli-akulu-havali","8":"product_cat-matkaplar","9":"product_tag-5106-li-ion","10":"product_tag-catpower","12":"first","13":"outofstock","14":"taxable","15":"shipping-taxable","16":"product-type-simple"},"_links":{"self":[{"href":"https:\/\/hirdavatustasi.com\/en\/wp-json\/wp\/v2\/product\/18754","targetHints":{"allow":["GET"]}}],"collection":[{"href":"https:\/\/hirdavatustasi.com\/en\/wp-json\/wp\/v2\/product"}],"about":[{"href":"https:\/\/hirdavatustasi.com\/en\/wp-json\/wp\/v2\/types\/product"}],"replies":[{"embeddable":true,"href":"https:\/\/hirdavatustasi.com\/en\/wp-json\/wp\/v2\/comments?post=18754"}],"version-history":[{"count":1,"href":"https:\/\/hirdavatustasi.com\/en\/wp-json\/wp\/v2\/product\/18754\/revisions"}],"predecessor-version":[{"id":18757,"href":"https:\/\/hirdavatustasi.com\/en\/wp-json\/wp\/v2\/product\/18754\/revisions\/18757"}],"wp:featuredmedia":[{"embeddable":true,"href":"https:\/\/hirdavatustasi.com\/en\/wp-json\/wp\/v2\/media\/18755"}],"wp:attachment":[{"href":"https:\/\/hirdavatustasi.com\/en\/wp-json\/wp\/v2\/media?parent=18754"}],"wp:term":[{"taxonomy":"product_cat","embeddable":true,"href":"https:\/\/hirdavatustasi.com\/en\/wp-json\/wp\/v2\/product_cat?post=18754"},{"taxonomy":"product_tag","embeddable":true,"href":"https:\/\/hirdavatustasi.com\/en\/wp-json\/wp\/v2\/product_tag?post=18754"}],"curies":[{"name":"wp","href":"https:\/\/api.w.org\/{rel}","templated":true}]}}