{"id":18758,"date":"2024-01-04T20:38:51","date_gmt":"2024-01-04T20:38:51","guid":{"rendered":"https:\/?post_type=product&#038;p=18758"},"modified":"2024-01-04T20:40:29","modified_gmt":"2024-01-04T20:40:29","slug":"makita-dhr241rmj-akulu-kirici-delici","status":"publish","type":"product","link":"https:\/\/hirdavatustasi.com\/en\/urun\/makita-dhr241rmj-akulu-kirici-delici\/","title":{"rendered":"Makita DHR241RMJ Ak\u00fcl\u00fc K\u0131r\u0131c\u0131 Delici"},"content":{"rendered":"<p>Makita DHR241RMJ Ak\u00fcl\u00fc K\u0131r\u0131c\u0131 Delici<\/p>\n","protected":false},"excerpt":{"rendered":"<p>Makita DHR241RMJ Ak\u00fcl\u00fc K\u0131r\u0131c\u0131 Delici<\/p>\n","protected":false},"featured_media":18759,"comment_status":"open","ping_status":"closed","template":"","meta":[],"product_cat":[53,158,168],"product_tag":[501,500],"class_list":{"0":"post-18758","1":"product","2":"type-product","3":"status-publish","4":"has-post-thumbnail","6":"product_cat-elektrikli-akulu-havali","7":"product_cat-elektrikli-el-aletleri","8":"product_cat-kirici-ve-deliciler","9":"product_tag-dhr241rmj","10":"product_tag-makita","12":"first","13":"outofstock","14":"taxable","15":"shipping-taxable","16":"product-type-simple"},"_links":{"self":[{"href":"https:\/\/hirdavatustasi.com\/en\/wp-json\/wp\/v2\/product\/18758","targetHints":{"allow":["GET"]}}],"collection":[{"href":"https:\/\/hirdavatustasi.com\/en\/wp-json\/wp\/v2\/product"}],"about":[{"href":"https:\/\/hirdavatustasi.com\/en\/wp-json\/wp\/v2\/types\/product"}],"replies":[{"embeddable":true,"href":"https:\/\/hirdavatustasi.com\/en\/wp-json\/wp\/v2\/comments?post=18758"}],"version-history":[{"count":1,"href":"https:\/\/hirdavatustasi.com\/en\/wp-json\/wp\/v2\/product\/18758\/revisions"}],"predecessor-version":[{"id":18761,"href":"https:\/\/hirdavatustasi.com\/en\/wp-json\/wp\/v2\/product\/18758\/revisions\/18761"}],"wp:featuredmedia":[{"embeddable":true,"href":"https:\/\/hirdavatustasi.com\/en\/wp-json\/wp\/v2\/media\/18759"}],"wp:attachment":[{"href":"https:\/\/hirdavatustasi.com\/en\/wp-json\/wp\/v2\/media?parent=18758"}],"wp:term":[{"taxonomy":"product_cat","embeddable":true,"href":"https:\/\/hirdavatustasi.com\/en\/wp-json\/wp\/v2\/product_cat?post=18758"},{"taxonomy":"product_tag","embeddable":true,"href":"https:\/\/hirdavatustasi.com\/en\/wp-json\/wp\/v2\/product_tag?post=18758"}],"curies":[{"name":"wp","href":"https:\/\/api.w.org\/{rel}","templated":true}]}}