{"id":18762,"date":"2024-01-04T20:47:23","date_gmt":"2024-01-04T20:47:23","guid":{"rendered":"https:\/?post_type=product&#038;p=18762"},"modified":"2024-01-04T20:49:06","modified_gmt":"2024-01-04T20:49:06","slug":"rain-pump-csp401p-8m-400w-temiz-su-drenaj-dalgic-pompa","status":"publish","type":"product","link":"https:\/\/hirdavatustasi.com\/en\/urun\/rain-pump-csp401p-8m-400w-temiz-su-drenaj-dalgic-pompa\/","title":{"rendered":"Rain Pump CSP401P 8m 400W Temiz Su Drenaj Dalg\u0131\u00e7 Pompa"},"content":{"rendered":"<p>Rain Pump CSP401P 8m 400W Temiz Su Drenaj Dalg\u0131\u00e7 Pompa<\/p>\n","protected":false},"excerpt":{"rendered":"<p>Rain Pump CSP401P 8m 400W Temiz Su Drenaj Dalg\u0131\u00e7 Pompa<\/p>\n","protected":false},"featured_media":18763,"comment_status":"open","ping_status":"closed","template":"","meta":[],"product_cat":[190,71,202,199,198],"product_tag":[503,502],"class_list":{"0":"post-18762","1":"product","2":"type-product","3":"status-publish","4":"has-post-thumbnail","6":"product_cat-bahce-makineleri","7":"product_cat-bahce-ekipmanlari","8":"product_cat-diger-bahce-ekipmanlari","9":"product_cat-pompalar","10":"product_cat-sulama-ekipmanlari","11":"product_tag-csp401p","12":"product_tag-rain-pump","14":"first","15":"outofstock","16":"taxable","17":"shipping-taxable","18":"product-type-simple"},"_links":{"self":[{"href":"https:\/\/hirdavatustasi.com\/en\/wp-json\/wp\/v2\/product\/18762","targetHints":{"allow":["GET"]}}],"collection":[{"href":"https:\/\/hirdavatustasi.com\/en\/wp-json\/wp\/v2\/product"}],"about":[{"href":"https:\/\/hirdavatustasi.com\/en\/wp-json\/wp\/v2\/types\/product"}],"replies":[{"embeddable":true,"href":"https:\/\/hirdavatustasi.com\/en\/wp-json\/wp\/v2\/comments?post=18762"}],"version-history":[{"count":1,"href":"https:\/\/hirdavatustasi.com\/en\/wp-json\/wp\/v2\/product\/18762\/revisions"}],"predecessor-version":[{"id":18765,"href":"https:\/\/hirdavatustasi.com\/en\/wp-json\/wp\/v2\/product\/18762\/revisions\/18765"}],"wp:featuredmedia":[{"embeddable":true,"href":"https:\/\/hirdavatustasi.com\/en\/wp-json\/wp\/v2\/media\/18763"}],"wp:attachment":[{"href":"https:\/\/hirdavatustasi.com\/en\/wp-json\/wp\/v2\/media?parent=18762"}],"wp:term":[{"taxonomy":"product_cat","embeddable":true,"href":"https:\/\/hirdavatustasi.com\/en\/wp-json\/wp\/v2\/product_cat?post=18762"},{"taxonomy":"product_tag","embeddable":true,"href":"https:\/\/hirdavatustasi.com\/en\/wp-json\/wp\/v2\/product_tag?post=18762"}],"curies":[{"name":"wp","href":"https:\/\/api.w.org\/{rel}","templated":true}]}}