{"id":18788,"date":"2024-01-04T21:31:58","date_gmt":"2024-01-04T21:31:58","guid":{"rendered":"https:\/?post_type=product&#038;p=18788"},"modified":"2024-01-04T21:32:34","modified_gmt":"2024-01-04T21:32:34","slug":"topshop-th14343-boya-alci-ve-harc-karistirici-uc-120x580-mm","status":"publish","type":"product","link":"https:\/\/hirdavatustasi.com\/en\/urun\/topshop-th14343-boya-alci-ve-harc-karistirici-uc-120x580-mm\/","title":{"rendered":"Topshop TH14343 Boya Al\u00e7\u0131 ve Har\u00e7 Kar\u0131\u015ft\u0131r\u0131c\u0131 U\u00e7 120X580 mm"},"content":{"rendered":"<p>Topshop TH14343 Boya Al\u00e7\u0131 ve Har\u00e7 Kar\u0131\u015ft\u0131r\u0131c\u0131 U\u00e7 120X580 mm<\/p>\n","protected":false},"excerpt":{"rendered":"<p>Topshop TH14343 Boya Al\u00e7\u0131 ve Har\u00e7 Kar\u0131\u015ft\u0131r\u0131c\u0131 U\u00e7 120X580 mm<\/p>\n","protected":false},"featured_media":18789,"comment_status":"open","ping_status":"closed","template":"","meta":[],"product_cat":[113,69,248],"product_tag":[511,510],"class_list":{"0":"post-18788","1":"product","2":"type-product","3":"status-publish","4":"has-post-thumbnail","6":"product_cat-el-aletleri","7":"product_cat-hirdavat","8":"product_cat-insaat-ekipman-ve-sarf-malzemeleri","9":"product_tag-th14343","10":"product_tag-topshop","12":"first","13":"outofstock","14":"taxable","15":"shipping-taxable","16":"product-type-simple"},"_links":{"self":[{"href":"https:\/\/hirdavatustasi.com\/en\/wp-json\/wp\/v2\/product\/18788","targetHints":{"allow":["GET"]}}],"collection":[{"href":"https:\/\/hirdavatustasi.com\/en\/wp-json\/wp\/v2\/product"}],"about":[{"href":"https:\/\/hirdavatustasi.com\/en\/wp-json\/wp\/v2\/types\/product"}],"replies":[{"embeddable":true,"href":"https:\/\/hirdavatustasi.com\/en\/wp-json\/wp\/v2\/comments?post=18788"}],"version-history":[{"count":2,"href":"https:\/\/hirdavatustasi.com\/en\/wp-json\/wp\/v2\/product\/18788\/revisions"}],"predecessor-version":[{"id":18792,"href":"https:\/\/hirdavatustasi.com\/en\/wp-json\/wp\/v2\/product\/18788\/revisions\/18792"}],"wp:featuredmedia":[{"embeddable":true,"href":"https:\/\/hirdavatustasi.com\/en\/wp-json\/wp\/v2\/media\/18789"}],"wp:attachment":[{"href":"https:\/\/hirdavatustasi.com\/en\/wp-json\/wp\/v2\/media?parent=18788"}],"wp:term":[{"taxonomy":"product_cat","embeddable":true,"href":"https:\/\/hirdavatustasi.com\/en\/wp-json\/wp\/v2\/product_cat?post=18788"},{"taxonomy":"product_tag","embeddable":true,"href":"https:\/\/hirdavatustasi.com\/en\/wp-json\/wp\/v2\/product_tag?post=18788"}],"curies":[{"name":"wp","href":"https:\/\/api.w.org\/{rel}","templated":true}]}}