{"id":18793,"date":"2024-01-04T21:38:32","date_gmt":"2024-01-04T21:38:32","guid":{"rendered":"https:\/?post_type=product&#038;p=18793"},"modified":"2024-01-04T21:39:06","modified_gmt":"2024-01-04T21:39:06","slug":"topshop-14339-sds-plus-boya-karistirici-100x450-mm","status":"publish","type":"product","link":"https:\/\/hirdavatustasi.com\/en\/urun\/topshop-14339-sds-plus-boya-karistirici-100x450-mm\/","title":{"rendered":"Topshop 14339 Sds Plus Boya Kar\u0131\u015ft\u0131r\u0131c\u0131 100X450 mm"},"content":{"rendered":"<p>Topshop 14339 Sds Plus Boya Kar\u0131\u015ft\u0131r\u0131c\u0131 100X450 mm<\/p>\n","protected":false},"excerpt":{"rendered":"<p>Topshop 14339 Sds Plus Boya Kar\u0131\u015ft\u0131r\u0131c\u0131 100X450 mm<\/p>\n","protected":false},"featured_media":18794,"comment_status":"open","ping_status":"closed","template":"","meta":[],"product_cat":[113,69,248,209],"product_tag":[512,510],"class_list":{"0":"post-18793","1":"product","2":"type-product","3":"status-publish","4":"has-post-thumbnail","6":"product_cat-el-aletleri","7":"product_cat-hirdavat","8":"product_cat-insaat-ekipman-ve-sarf-malzemeleri","9":"product_cat-insaat-makineleri","10":"product_tag-14339-sds-plus","11":"product_tag-topshop","13":"first","14":"outofstock","15":"taxable","16":"shipping-taxable","17":"product-type-simple"},"_links":{"self":[{"href":"https:\/\/hirdavatustasi.com\/en\/wp-json\/wp\/v2\/product\/18793","targetHints":{"allow":["GET"]}}],"collection":[{"href":"https:\/\/hirdavatustasi.com\/en\/wp-json\/wp\/v2\/product"}],"about":[{"href":"https:\/\/hirdavatustasi.com\/en\/wp-json\/wp\/v2\/types\/product"}],"replies":[{"embeddable":true,"href":"https:\/\/hirdavatustasi.com\/en\/wp-json\/wp\/v2\/comments?post=18793"}],"version-history":[{"count":1,"href":"https:\/\/hirdavatustasi.com\/en\/wp-json\/wp\/v2\/product\/18793\/revisions"}],"predecessor-version":[{"id":18796,"href":"https:\/\/hirdavatustasi.com\/en\/wp-json\/wp\/v2\/product\/18793\/revisions\/18796"}],"wp:featuredmedia":[{"embeddable":true,"href":"https:\/\/hirdavatustasi.com\/en\/wp-json\/wp\/v2\/media\/18794"}],"wp:attachment":[{"href":"https:\/\/hirdavatustasi.com\/en\/wp-json\/wp\/v2\/media?parent=18793"}],"wp:term":[{"taxonomy":"product_cat","embeddable":true,"href":"https:\/\/hirdavatustasi.com\/en\/wp-json\/wp\/v2\/product_cat?post=18793"},{"taxonomy":"product_tag","embeddable":true,"href":"https:\/\/hirdavatustasi.com\/en\/wp-json\/wp\/v2\/product_tag?post=18793"}],"curies":[{"name":"wp","href":"https:\/\/api.w.org\/{rel}","templated":true}]}}