{"id":18797,"date":"2024-01-04T21:46:22","date_gmt":"2024-01-04T21:46:22","guid":{"rendered":"https:\/?post_type=product&#038;p=18797"},"modified":"2024-01-10T21:38:47","modified_gmt":"2024-01-10T21:38:47","slug":"topshop-09933-silikon-tabancasi-metal-govde","status":"publish","type":"product","link":"https:\/\/hirdavatustasi.com\/en\/urun\/topshop-09933-silikon-tabancasi-metal-govde\/","title":{"rendered":"Topshop 09933 Silikon Tabancas\u0131 Metal G\u00f6vde"},"content":{"rendered":"<p>Topshop 09933 Silikon Tabancas\u0131 Metal G\u00f6vde<\/p>\n","protected":false},"excerpt":{"rendered":"<p>Topshop 09933 Silikon Tabancas\u0131 Metal G\u00f6vde<\/p>\n","protected":false},"featured_media":18798,"comment_status":"open","ping_status":"closed","template":"","meta":[],"product_cat":[113,69,248],"product_tag":[513,510],"class_list":{"0":"post-18797","1":"product","2":"type-product","3":"status-publish","4":"has-post-thumbnail","6":"product_cat-el-aletleri","7":"product_cat-hirdavat","8":"product_cat-insaat-ekipman-ve-sarf-malzemeleri","9":"product_tag-09933-silikon-tabancasi","10":"product_tag-topshop","12":"first","13":"outofstock","14":"taxable","15":"shipping-taxable","16":"product-type-simple"},"_links":{"self":[{"href":"https:\/\/hirdavatustasi.com\/en\/wp-json\/wp\/v2\/product\/18797","targetHints":{"allow":["GET"]}}],"collection":[{"href":"https:\/\/hirdavatustasi.com\/en\/wp-json\/wp\/v2\/product"}],"about":[{"href":"https:\/\/hirdavatustasi.com\/en\/wp-json\/wp\/v2\/types\/product"}],"replies":[{"embeddable":true,"href":"https:\/\/hirdavatustasi.com\/en\/wp-json\/wp\/v2\/comments?post=18797"}],"version-history":[{"count":2,"href":"https:\/\/hirdavatustasi.com\/en\/wp-json\/wp\/v2\/product\/18797\/revisions"}],"predecessor-version":[{"id":19273,"href":"https:\/\/hirdavatustasi.com\/en\/wp-json\/wp\/v2\/product\/18797\/revisions\/19273"}],"wp:featuredmedia":[{"embeddable":true,"href":"https:\/\/hirdavatustasi.com\/en\/wp-json\/wp\/v2\/media\/18798"}],"wp:attachment":[{"href":"https:\/\/hirdavatustasi.com\/en\/wp-json\/wp\/v2\/media?parent=18797"}],"wp:term":[{"taxonomy":"product_cat","embeddable":true,"href":"https:\/\/hirdavatustasi.com\/en\/wp-json\/wp\/v2\/product_cat?post=18797"},{"taxonomy":"product_tag","embeddable":true,"href":"https:\/\/hirdavatustasi.com\/en\/wp-json\/wp\/v2\/product_tag?post=18797"}],"curies":[{"name":"wp","href":"https:\/\/api.w.org\/{rel}","templated":true}]}}