{"id":18801,"date":"2024-01-05T18:59:48","date_gmt":"2024-01-05T18:59:48","guid":{"rendered":"https:\/?post_type=product&#038;p=18801"},"modified":"2024-01-05T19:01:06","modified_gmt":"2024-01-05T19:01:06","slug":"topshop-09465-agac-sapli-plastik-tokmak-50-mm","status":"publish","type":"product","link":"https:\/\/hirdavatustasi.com\/en\/urun\/topshop-09465-agac-sapli-plastik-tokmak-50-mm\/","title":{"rendered":"Topshop 09465 A\u011fa\u00e7 Sapl\u0131 Plastik Tokmak 50 mm"},"content":{"rendered":"<p>Topshop 09465 A\u011fa\u00e7 Sapl\u0131 Plastik Tokmak 50 mm<\/p>\n","protected":false},"excerpt":{"rendered":"<p>Topshop 09465 A\u011fa\u00e7 Sapl\u0131 Plastik Tokmak 50 mm<\/p>\n","protected":false},"featured_media":18802,"comment_status":"open","ping_status":"closed","template":"","meta":[],"product_cat":[113,69,248,150],"product_tag":[514],"class_list":{"0":"post-18801","1":"product","2":"type-product","3":"status-publish","4":"has-post-thumbnail","6":"product_cat-el-aletleri","7":"product_cat-hirdavat","8":"product_cat-insaat-ekipman-ve-sarf-malzemeleri","9":"product_cat-keskiler-ve-cekicler","10":"product_tag-topshop-09465","12":"first","13":"outofstock","14":"taxable","15":"shipping-taxable","16":"product-type-simple"},"_links":{"self":[{"href":"https:\/\/hirdavatustasi.com\/en\/wp-json\/wp\/v2\/product\/18801","targetHints":{"allow":["GET"]}}],"collection":[{"href":"https:\/\/hirdavatustasi.com\/en\/wp-json\/wp\/v2\/product"}],"about":[{"href":"https:\/\/hirdavatustasi.com\/en\/wp-json\/wp\/v2\/types\/product"}],"replies":[{"embeddable":true,"href":"https:\/\/hirdavatustasi.com\/en\/wp-json\/wp\/v2\/comments?post=18801"}],"version-history":[{"count":1,"href":"https:\/\/hirdavatustasi.com\/en\/wp-json\/wp\/v2\/product\/18801\/revisions"}],"predecessor-version":[{"id":18804,"href":"https:\/\/hirdavatustasi.com\/en\/wp-json\/wp\/v2\/product\/18801\/revisions\/18804"}],"wp:featuredmedia":[{"embeddable":true,"href":"https:\/\/hirdavatustasi.com\/en\/wp-json\/wp\/v2\/media\/18802"}],"wp:attachment":[{"href":"https:\/\/hirdavatustasi.com\/en\/wp-json\/wp\/v2\/media?parent=18801"}],"wp:term":[{"taxonomy":"product_cat","embeddable":true,"href":"https:\/\/hirdavatustasi.com\/en\/wp-json\/wp\/v2\/product_cat?post=18801"},{"taxonomy":"product_tag","embeddable":true,"href":"https:\/\/hirdavatustasi.com\/en\/wp-json\/wp\/v2\/product_tag?post=18801"}],"curies":[{"name":"wp","href":"https:\/\/api.w.org\/{rel}","templated":true}]}}