{"id":18805,"date":"2024-01-05T19:05:16","date_gmt":"2024-01-05T19:05:16","guid":{"rendered":"https:\/?post_type=product&#038;p=18805"},"modified":"2024-01-05T19:06:05","modified_gmt":"2024-01-05T19:06:05","slug":"topshop-09461-agac-sapli-plastik-tokmak-30mm","status":"publish","type":"product","link":"https:\/\/hirdavatustasi.com\/en\/urun\/topshop-09461-agac-sapli-plastik-tokmak-30mm\/","title":{"rendered":"TopShop 09461 A\u011fa\u00e7 Sapl\u0131 Plastik Tokmak 30mm"},"content":{"rendered":"<p>TopShop 09461 A\u011fa\u00e7 Sapl\u0131 Plastik Tokmak 30mm<\/p>\n","protected":false},"excerpt":{"rendered":"<p>TopShop 09461 A\u011fa\u00e7 Sapl\u0131 Plastik Tokmak 30mm<\/p>\n","protected":false},"featured_media":18806,"comment_status":"open","ping_status":"closed","template":"","meta":[],"product_cat":[113,69,248,150],"product_tag":[515],"class_list":{"0":"post-18805","1":"product","2":"type-product","3":"status-publish","4":"has-post-thumbnail","6":"product_cat-el-aletleri","7":"product_cat-hirdavat","8":"product_cat-insaat-ekipman-ve-sarf-malzemeleri","9":"product_cat-keskiler-ve-cekicler","10":"product_tag-topshop-09461","12":"first","13":"outofstock","14":"taxable","15":"shipping-taxable","16":"product-type-simple"},"_links":{"self":[{"href":"https:\/\/hirdavatustasi.com\/en\/wp-json\/wp\/v2\/product\/18805","targetHints":{"allow":["GET"]}}],"collection":[{"href":"https:\/\/hirdavatustasi.com\/en\/wp-json\/wp\/v2\/product"}],"about":[{"href":"https:\/\/hirdavatustasi.com\/en\/wp-json\/wp\/v2\/types\/product"}],"replies":[{"embeddable":true,"href":"https:\/\/hirdavatustasi.com\/en\/wp-json\/wp\/v2\/comments?post=18805"}],"version-history":[{"count":1,"href":"https:\/\/hirdavatustasi.com\/en\/wp-json\/wp\/v2\/product\/18805\/revisions"}],"predecessor-version":[{"id":18808,"href":"https:\/\/hirdavatustasi.com\/en\/wp-json\/wp\/v2\/product\/18805\/revisions\/18808"}],"wp:featuredmedia":[{"embeddable":true,"href":"https:\/\/hirdavatustasi.com\/en\/wp-json\/wp\/v2\/media\/18806"}],"wp:attachment":[{"href":"https:\/\/hirdavatustasi.com\/en\/wp-json\/wp\/v2\/media?parent=18805"}],"wp:term":[{"taxonomy":"product_cat","embeddable":true,"href":"https:\/\/hirdavatustasi.com\/en\/wp-json\/wp\/v2\/product_cat?post=18805"},{"taxonomy":"product_tag","embeddable":true,"href":"https:\/\/hirdavatustasi.com\/en\/wp-json\/wp\/v2\/product_tag?post=18805"}],"curies":[{"name":"wp","href":"https:\/\/api.w.org\/{rel}","templated":true}]}}