{"id":18809,"date":"2024-01-05T19:12:07","date_gmt":"2024-01-05T19:12:07","guid":{"rendered":"https:\/?post_type=product&#038;p=18809"},"modified":"2024-11-09T12:40:40","modified_gmt":"2024-11-09T12:40:40","slug":"todrill-elmasli-beton-delme-panci-buat-ucu-55-mm","status":"publish","type":"product","link":"https:\/\/hirdavatustasi.com\/en\/urun\/todrill-elmasli-beton-delme-panci-buat-ucu-55-mm\/","title":{"rendered":"TODR\u0130LL Elmasl\u0131 Beton Delme Pan\u00e7\u0131 Buat Ucu &#8211; 55 mm"},"content":{"rendered":"<p>TODR\u0130LL Elmasl\u0131 Beton Delme Pan\u00e7\u0131 Buat Ucu &#8211; 55 mm<\/p>\n","protected":false},"excerpt":{"rendered":"<p>TODR\u0130LL Elmasl\u0131 Beton Delme Pan\u00e7\u0131 Buat Ucu &#8211; 55 mm<\/p>\n","protected":false},"featured_media":18810,"comment_status":"open","ping_status":"closed","template":"","meta":[],"product_cat":[113,69,248],"product_tag":[516,506],"class_list":{"0":"post-18809","1":"product","2":"type-product","3":"status-publish","4":"has-post-thumbnail","6":"product_cat-el-aletleri","7":"product_cat-hirdavat","8":"product_cat-insaat-ekipman-ve-sarf-malzemeleri","9":"product_tag-elmasli-beton","10":"product_tag-todrill","12":"first","13":"outofstock","14":"taxable","15":"shipping-taxable","16":"product-type-simple"},"_links":{"self":[{"href":"https:\/\/hirdavatustasi.com\/en\/wp-json\/wp\/v2\/product\/18809","targetHints":{"allow":["GET"]}}],"collection":[{"href":"https:\/\/hirdavatustasi.com\/en\/wp-json\/wp\/v2\/product"}],"about":[{"href":"https:\/\/hirdavatustasi.com\/en\/wp-json\/wp\/v2\/types\/product"}],"replies":[{"embeddable":true,"href":"https:\/\/hirdavatustasi.com\/en\/wp-json\/wp\/v2\/comments?post=18809"}],"version-history":[{"count":1,"href":"https:\/\/hirdavatustasi.com\/en\/wp-json\/wp\/v2\/product\/18809\/revisions"}],"predecessor-version":[{"id":18812,"href":"https:\/\/hirdavatustasi.com\/en\/wp-json\/wp\/v2\/product\/18809\/revisions\/18812"}],"wp:featuredmedia":[{"embeddable":true,"href":"https:\/\/hirdavatustasi.com\/en\/wp-json\/wp\/v2\/media\/18810"}],"wp:attachment":[{"href":"https:\/\/hirdavatustasi.com\/en\/wp-json\/wp\/v2\/media?parent=18809"}],"wp:term":[{"taxonomy":"product_cat","embeddable":true,"href":"https:\/\/hirdavatustasi.com\/en\/wp-json\/wp\/v2\/product_cat?post=18809"},{"taxonomy":"product_tag","embeddable":true,"href":"https:\/\/hirdavatustasi.com\/en\/wp-json\/wp\/v2\/product_tag?post=18809"}],"curies":[{"name":"wp","href":"https:\/\/api.w.org\/{rel}","templated":true}]}}