{"id":18821,"date":"2024-01-05T19:44:56","date_gmt":"2024-01-05T19:44:56","guid":{"rendered":"https:\/?post_type=product&#038;p=18821"},"modified":"2024-01-05T20:07:39","modified_gmt":"2024-01-05T20:07:39","slug":"todrill-td50738-3-lu-sds-adaptor-seti","status":"publish","type":"product","link":"https:\/\/hirdavatustasi.com\/en\/urun\/todrill-td50738-3-lu-sds-adaptor-seti\/","title":{"rendered":"Todrill TD50738 3 l\u00fc SDS Adapt\u00f6r Seti"},"content":{"rendered":"<p>Todrill TD50738 3 l\u00fc SDS Adapt\u00f6r Seti<\/p>\n","protected":false},"excerpt":{"rendered":"<p>Todrill TD50738 3 l\u00fc SDS Adapt\u00f6r Seti<\/p>\n","protected":false},"featured_media":18822,"comment_status":"open","ping_status":"closed","template":"","meta":[],"product_cat":[113,158,53],"product_tag":[518,506],"class_list":{"0":"post-18821","1":"product","2":"type-product","3":"status-publish","4":"has-post-thumbnail","6":"product_cat-el-aletleri","7":"product_cat-elektrikli-el-aletleri","8":"product_cat-elektrikli-akulu-havali","9":"product_tag-td50738","10":"product_tag-todrill","12":"first","13":"outofstock","14":"taxable","15":"shipping-taxable","16":"product-type-simple"},"_links":{"self":[{"href":"https:\/\/hirdavatustasi.com\/en\/wp-json\/wp\/v2\/product\/18821","targetHints":{"allow":["GET"]}}],"collection":[{"href":"https:\/\/hirdavatustasi.com\/en\/wp-json\/wp\/v2\/product"}],"about":[{"href":"https:\/\/hirdavatustasi.com\/en\/wp-json\/wp\/v2\/types\/product"}],"replies":[{"embeddable":true,"href":"https:\/\/hirdavatustasi.com\/en\/wp-json\/wp\/v2\/comments?post=18821"}],"version-history":[{"count":1,"href":"https:\/\/hirdavatustasi.com\/en\/wp-json\/wp\/v2\/product\/18821\/revisions"}],"predecessor-version":[{"id":18824,"href":"https:\/\/hirdavatustasi.com\/en\/wp-json\/wp\/v2\/product\/18821\/revisions\/18824"}],"wp:featuredmedia":[{"embeddable":true,"href":"https:\/\/hirdavatustasi.com\/en\/wp-json\/wp\/v2\/media\/18822"}],"wp:attachment":[{"href":"https:\/\/hirdavatustasi.com\/en\/wp-json\/wp\/v2\/media?parent=18821"}],"wp:term":[{"taxonomy":"product_cat","embeddable":true,"href":"https:\/\/hirdavatustasi.com\/en\/wp-json\/wp\/v2\/product_cat?post=18821"},{"taxonomy":"product_tag","embeddable":true,"href":"https:\/\/hirdavatustasi.com\/en\/wp-json\/wp\/v2\/product_tag?post=18821"}],"curies":[{"name":"wp","href":"https:\/\/api.w.org\/{rel}","templated":true}]}}