{"id":18825,"date":"2024-01-05T19:50:20","date_gmt":"2024-01-05T19:50:20","guid":{"rendered":"https:\/?post_type=product&#038;p=18825"},"modified":"2024-01-05T19:51:43","modified_gmt":"2024-01-05T19:51:43","slug":"todrill-td50306-18x600-mm-yassi-sds-max-kirici-uc","status":"publish","type":"product","link":"https:\/\/hirdavatustasi.com\/en\/urun\/todrill-td50306-18x600-mm-yassi-sds-max-kirici-uc\/","title":{"rendered":"Todrill TD50306 18&#215;600 mm Yass\u0131 SDS Max K\u0131r\u0131c\u0131 U\u00e7"},"content":{"rendered":"<p>Todrill TD50306 18&#215;600 mm Yass\u0131 SDS Max K\u0131r\u0131c\u0131 U\u00e7<\/p>\n","protected":false},"excerpt":{"rendered":"<p>Todrill TD50306 18&#215;600 mm Yass\u0131 SDS Max K\u0131r\u0131c\u0131 U\u00e7<\/p>\n","protected":false},"featured_media":18826,"comment_status":"open","ping_status":"closed","template":"","meta":[],"product_cat":[113,69,248,161],"product_tag":[519],"class_list":{"0":"post-18825","1":"product","2":"type-product","3":"status-publish","4":"has-post-thumbnail","6":"product_cat-el-aletleri","7":"product_cat-hirdavat","8":"product_cat-insaat-ekipman-ve-sarf-malzemeleri","9":"product_cat-matkaplar","10":"product_tag-todrill-td50306","12":"first","13":"outofstock","14":"taxable","15":"shipping-taxable","16":"product-type-simple"},"_links":{"self":[{"href":"https:\/\/hirdavatustasi.com\/en\/wp-json\/wp\/v2\/product\/18825","targetHints":{"allow":["GET"]}}],"collection":[{"href":"https:\/\/hirdavatustasi.com\/en\/wp-json\/wp\/v2\/product"}],"about":[{"href":"https:\/\/hirdavatustasi.com\/en\/wp-json\/wp\/v2\/types\/product"}],"replies":[{"embeddable":true,"href":"https:\/\/hirdavatustasi.com\/en\/wp-json\/wp\/v2\/comments?post=18825"}],"version-history":[{"count":1,"href":"https:\/\/hirdavatustasi.com\/en\/wp-json\/wp\/v2\/product\/18825\/revisions"}],"predecessor-version":[{"id":18828,"href":"https:\/\/hirdavatustasi.com\/en\/wp-json\/wp\/v2\/product\/18825\/revisions\/18828"}],"wp:featuredmedia":[{"embeddable":true,"href":"https:\/\/hirdavatustasi.com\/en\/wp-json\/wp\/v2\/media\/18826"}],"wp:attachment":[{"href":"https:\/\/hirdavatustasi.com\/en\/wp-json\/wp\/v2\/media?parent=18825"}],"wp:term":[{"taxonomy":"product_cat","embeddable":true,"href":"https:\/\/hirdavatustasi.com\/en\/wp-json\/wp\/v2\/product_cat?post=18825"},{"taxonomy":"product_tag","embeddable":true,"href":"https:\/\/hirdavatustasi.com\/en\/wp-json\/wp\/v2\/product_tag?post=18825"}],"curies":[{"name":"wp","href":"https:\/\/api.w.org\/{rel}","templated":true}]}}