{"id":18829,"date":"2024-01-05T20:18:41","date_gmt":"2024-01-05T20:18:41","guid":{"rendered":"https:\/?post_type=product&#038;p=18829"},"modified":"2024-01-05T20:19:15","modified_gmt":"2024-01-05T20:19:15","slug":"todrill-td50304-sds-max-genis-yassi-keski","status":"publish","type":"product","link":"https:\/\/hirdavatustasi.com\/en\/urun\/todrill-td50304-sds-max-genis-yassi-keski\/","title":{"rendered":"Todrill TD50304 SDS-Max Geni\u015f Yass\u0131 Keski"},"content":{"rendered":"<p>Todrill TD50304 SDS-Max Geni\u015f Yass\u0131 Keski<\/p>\n","protected":false},"excerpt":{"rendered":"<p>Todrill TD50304 SDS-Max Geni\u015f Yass\u0131 Keski<\/p>\n","protected":false},"featured_media":18830,"comment_status":"open","ping_status":"closed","template":"","meta":[],"product_cat":[113,150,154],"product_tag":[520],"class_list":{"0":"post-18829","1":"product","2":"type-product","3":"status-publish","4":"has-post-thumbnail","6":"product_cat-el-aletleri","7":"product_cat-keskiler-ve-cekicler","8":"product_cat-yan-keskiler","9":"product_tag-todrill-td50304","11":"first","12":"outofstock","13":"taxable","14":"shipping-taxable","15":"product-type-simple"},"_links":{"self":[{"href":"https:\/\/hirdavatustasi.com\/en\/wp-json\/wp\/v2\/product\/18829","targetHints":{"allow":["GET"]}}],"collection":[{"href":"https:\/\/hirdavatustasi.com\/en\/wp-json\/wp\/v2\/product"}],"about":[{"href":"https:\/\/hirdavatustasi.com\/en\/wp-json\/wp\/v2\/types\/product"}],"replies":[{"embeddable":true,"href":"https:\/\/hirdavatustasi.com\/en\/wp-json\/wp\/v2\/comments?post=18829"}],"version-history":[{"count":2,"href":"https:\/\/hirdavatustasi.com\/en\/wp-json\/wp\/v2\/product\/18829\/revisions"}],"predecessor-version":[{"id":18834,"href":"https:\/\/hirdavatustasi.com\/en\/wp-json\/wp\/v2\/product\/18829\/revisions\/18834"}],"wp:featuredmedia":[{"embeddable":true,"href":"https:\/\/hirdavatustasi.com\/en\/wp-json\/wp\/v2\/media\/18830"}],"wp:attachment":[{"href":"https:\/\/hirdavatustasi.com\/en\/wp-json\/wp\/v2\/media?parent=18829"}],"wp:term":[{"taxonomy":"product_cat","embeddable":true,"href":"https:\/\/hirdavatustasi.com\/en\/wp-json\/wp\/v2\/product_cat?post=18829"},{"taxonomy":"product_tag","embeddable":true,"href":"https:\/\/hirdavatustasi.com\/en\/wp-json\/wp\/v2\/product_tag?post=18829"}],"curies":[{"name":"wp","href":"https:\/\/api.w.org\/{rel}","templated":true}]}}