{"id":18856,"date":"2024-01-05T21:20:08","date_gmt":"2024-01-05T21:20:08","guid":{"rendered":"https:\/?post_type=product&#038;p=18856"},"modified":"2024-01-05T21:20:43","modified_gmt":"2024-01-05T21:20:43","slug":"prosaw-ps56204-elmasli-tip-buat-uc-45x170-mm","status":"publish","type":"product","link":"https:\/\/hirdavatustasi.com\/en\/urun\/prosaw-ps56204-elmasli-tip-buat-uc-45x170-mm\/","title":{"rendered":"Prosaw Ps56204 Elmasl\u0131 Tip Buat U\u00e7 45&#215;170 mm"},"content":{"rendered":"<p>Prosaw Ps56204 Elmasl\u0131 Tip Buat U\u00e7 45&#215;170 mm<\/p>\n","protected":false},"excerpt":{"rendered":"<p>Prosaw Ps56204 Elmasl\u0131 Tip Buat U\u00e7 45&#215;170 mm<\/p>\n","protected":false},"featured_media":18857,"comment_status":"open","ping_status":"closed","template":"","meta":[],"product_cat":[113,69,248],"product_tag":[526],"class_list":{"0":"post-18856","1":"product","2":"type-product","3":"status-publish","4":"has-post-thumbnail","6":"product_cat-el-aletleri","7":"product_cat-hirdavat","8":"product_cat-insaat-ekipman-ve-sarf-malzemeleri","9":"product_tag-prosaw-ps5620","11":"first","12":"outofstock","13":"taxable","14":"shipping-taxable","15":"product-type-simple"},"_links":{"self":[{"href":"https:\/\/hirdavatustasi.com\/en\/wp-json\/wp\/v2\/product\/18856","targetHints":{"allow":["GET"]}}],"collection":[{"href":"https:\/\/hirdavatustasi.com\/en\/wp-json\/wp\/v2\/product"}],"about":[{"href":"https:\/\/hirdavatustasi.com\/en\/wp-json\/wp\/v2\/types\/product"}],"replies":[{"embeddable":true,"href":"https:\/\/hirdavatustasi.com\/en\/wp-json\/wp\/v2\/comments?post=18856"}],"version-history":[{"count":1,"href":"https:\/\/hirdavatustasi.com\/en\/wp-json\/wp\/v2\/product\/18856\/revisions"}],"predecessor-version":[{"id":18859,"href":"https:\/\/hirdavatustasi.com\/en\/wp-json\/wp\/v2\/product\/18856\/revisions\/18859"}],"wp:featuredmedia":[{"embeddable":true,"href":"https:\/\/hirdavatustasi.com\/en\/wp-json\/wp\/v2\/media\/18857"}],"wp:attachment":[{"href":"https:\/\/hirdavatustasi.com\/en\/wp-json\/wp\/v2\/media?parent=18856"}],"wp:term":[{"taxonomy":"product_cat","embeddable":true,"href":"https:\/\/hirdavatustasi.com\/en\/wp-json\/wp\/v2\/product_cat?post=18856"},{"taxonomy":"product_tag","embeddable":true,"href":"https:\/\/hirdavatustasi.com\/en\/wp-json\/wp\/v2\/product_tag?post=18856"}],"curies":[{"name":"wp","href":"https:\/\/api.w.org\/{rel}","templated":true}]}}