{"id":18860,"date":"2024-01-05T21:28:44","date_gmt":"2024-01-05T21:28:44","guid":{"rendered":"https:\/?post_type=product&#038;p=18860"},"modified":"2024-01-05T21:29:54","modified_gmt":"2024-01-05T21:29:54","slug":"prosaw-ps56208-elmasli-tip-buat-uc-60x170-mm","status":"publish","type":"product","link":"https:\/\/hirdavatustasi.com\/en\/urun\/prosaw-ps56208-elmasli-tip-buat-uc-60x170-mm\/","title":{"rendered":"Prosaw Ps56208 Elmasl\u0131 Tip Buat U\u00e7 60&#215;170 mm"},"content":{"rendered":"<p>Prosaw Ps56208 Elmasl\u0131 Tip Buat U\u00e7 60&#215;170 mm<\/p>\n","protected":false},"excerpt":{"rendered":"<p>Prosaw Ps56208 Elmasl\u0131 Tip Buat U\u00e7 60&#215;170 mm<\/p>\n","protected":false},"featured_media":18861,"comment_status":"open","ping_status":"closed","template":"","meta":[],"product_cat":[113,69,248],"product_tag":[527],"class_list":{"0":"post-18860","1":"product","2":"type-product","3":"status-publish","4":"has-post-thumbnail","6":"product_cat-el-aletleri","7":"product_cat-hirdavat","8":"product_cat-insaat-ekipman-ve-sarf-malzemeleri","9":"product_tag-prosaw-ps56208","11":"first","12":"outofstock","13":"taxable","14":"shipping-taxable","15":"product-type-simple"},"_links":{"self":[{"href":"https:\/\/hirdavatustasi.com\/en\/wp-json\/wp\/v2\/product\/18860","targetHints":{"allow":["GET"]}}],"collection":[{"href":"https:\/\/hirdavatustasi.com\/en\/wp-json\/wp\/v2\/product"}],"about":[{"href":"https:\/\/hirdavatustasi.com\/en\/wp-json\/wp\/v2\/types\/product"}],"replies":[{"embeddable":true,"href":"https:\/\/hirdavatustasi.com\/en\/wp-json\/wp\/v2\/comments?post=18860"}],"version-history":[{"count":2,"href":"https:\/\/hirdavatustasi.com\/en\/wp-json\/wp\/v2\/product\/18860\/revisions"}],"predecessor-version":[{"id":18864,"href":"https:\/\/hirdavatustasi.com\/en\/wp-json\/wp\/v2\/product\/18860\/revisions\/18864"}],"wp:featuredmedia":[{"embeddable":true,"href":"https:\/\/hirdavatustasi.com\/en\/wp-json\/wp\/v2\/media\/18861"}],"wp:attachment":[{"href":"https:\/\/hirdavatustasi.com\/en\/wp-json\/wp\/v2\/media?parent=18860"}],"wp:term":[{"taxonomy":"product_cat","embeddable":true,"href":"https:\/\/hirdavatustasi.com\/en\/wp-json\/wp\/v2\/product_cat?post=18860"},{"taxonomy":"product_tag","embeddable":true,"href":"https:\/\/hirdavatustasi.com\/en\/wp-json\/wp\/v2\/product_tag?post=18860"}],"curies":[{"name":"wp","href":"https:\/\/api.w.org\/{rel}","templated":true}]}}