{"id":18927,"date":"2024-01-06T17:09:06","date_gmt":"2024-01-06T17:09:06","guid":{"rendered":"https:\/?post_type=product&#038;p=18927"},"modified":"2025-04-11T23:20:06","modified_gmt":"2025-04-11T23:20:06","slug":"datsu-dts-power-cf-16c-t-akulu","status":"publish","type":"product","link":"https:\/\/hirdavatustasi.com\/en\/urun\/datsu-dts-power-cf-16c-t-akulu\/","title":{"rendered":"Datsu Dts Power Cf -16C-T Ak\u00fcl\u00fc"},"content":{"rendered":"<p>Datsu Dts Power Cf -16C-T Ak\u00fcl\u00fc<\/p>\n","protected":false},"excerpt":{"rendered":"<p>Datsu Dts Power Cf -16C-T Ak\u00fcl\u00fc<\/p>\n","protected":false},"featured_media":18928,"comment_status":"open","ping_status":"closed","template":"","meta":[],"product_cat":[201,175,71,190,53],"product_tag":[543],"class_list":{"0":"post-18927","1":"product","2":"type-product","3":"status-publish","4":"has-post-thumbnail","6":"product_cat-ilaclama-ekipmanlari","7":"product_cat-akulu-el-aletleri","8":"product_cat-bahce-ekipmanlari","9":"product_cat-bahce-makineleri","10":"product_cat-elektrikli-akulu-havali","11":"product_tag-datsu-dts-power","13":"first","14":"outofstock","15":"taxable","16":"shipping-taxable","17":"product-type-simple"},"_links":{"self":[{"href":"https:\/\/hirdavatustasi.com\/en\/wp-json\/wp\/v2\/product\/18927","targetHints":{"allow":["GET"]}}],"collection":[{"href":"https:\/\/hirdavatustasi.com\/en\/wp-json\/wp\/v2\/product"}],"about":[{"href":"https:\/\/hirdavatustasi.com\/en\/wp-json\/wp\/v2\/types\/product"}],"replies":[{"embeddable":true,"href":"https:\/\/hirdavatustasi.com\/en\/wp-json\/wp\/v2\/comments?post=18927"}],"version-history":[{"count":1,"href":"https:\/\/hirdavatustasi.com\/en\/wp-json\/wp\/v2\/product\/18927\/revisions"}],"predecessor-version":[{"id":18930,"href":"https:\/\/hirdavatustasi.com\/en\/wp-json\/wp\/v2\/product\/18927\/revisions\/18930"}],"wp:featuredmedia":[{"embeddable":true,"href":"https:\/\/hirdavatustasi.com\/en\/wp-json\/wp\/v2\/media\/18928"}],"wp:attachment":[{"href":"https:\/\/hirdavatustasi.com\/en\/wp-json\/wp\/v2\/media?parent=18927"}],"wp:term":[{"taxonomy":"product_cat","embeddable":true,"href":"https:\/\/hirdavatustasi.com\/en\/wp-json\/wp\/v2\/product_cat?post=18927"},{"taxonomy":"product_tag","embeddable":true,"href":"https:\/\/hirdavatustasi.com\/en\/wp-json\/wp\/v2\/product_tag?post=18927"}],"curies":[{"name":"wp","href":"https:\/\/api.w.org\/{rel}","templated":true}]}}