{"id":18937,"date":"2024-01-06T17:30:23","date_gmt":"2024-01-06T17:30:23","guid":{"rendered":"https:\/?post_type=product&#038;p=18937"},"modified":"2024-01-06T19:22:19","modified_gmt":"2024-01-06T19:22:19","slug":"gison-gp-104-havali-percin-tabancasi-3055629","status":"publish","type":"product","link":"https:\/\/hirdavatustasi.com\/en\/urun\/gison-gp-104-havali-percin-tabancasi-3055629\/","title":{"rendered":"Gison Gp-104 Haval\u0131 Per\u00e7in Tabancas\u0131 3055629"},"content":{"rendered":"<p>Gison Gp-104 Haval\u0131 Per\u00e7in Tabancas\u0131 3055629<\/p>\n","protected":false},"excerpt":{"rendered":"<p>Gison Gp-104 Haval\u0131 Per\u00e7in Tabancas\u0131 3055629<\/p>\n","protected":false},"featured_media":18938,"comment_status":"open","ping_status":"closed","template":"","meta":[],"product_cat":[113,182],"product_tag":[545],"class_list":{"0":"post-18937","1":"product","2":"type-product","3":"status-publish","4":"has-post-thumbnail","6":"product_cat-el-aletleri","7":"product_cat-havali-el-aletleri","8":"product_tag-gison-gp-104","10":"first","11":"outofstock","12":"taxable","13":"shipping-taxable","14":"product-type-simple"},"_links":{"self":[{"href":"https:\/\/hirdavatustasi.com\/en\/wp-json\/wp\/v2\/product\/18937","targetHints":{"allow":["GET"]}}],"collection":[{"href":"https:\/\/hirdavatustasi.com\/en\/wp-json\/wp\/v2\/product"}],"about":[{"href":"https:\/\/hirdavatustasi.com\/en\/wp-json\/wp\/v2\/types\/product"}],"replies":[{"embeddable":true,"href":"https:\/\/hirdavatustasi.com\/en\/wp-json\/wp\/v2\/comments?post=18937"}],"version-history":[{"count":1,"href":"https:\/\/hirdavatustasi.com\/en\/wp-json\/wp\/v2\/product\/18937\/revisions"}],"predecessor-version":[{"id":18940,"href":"https:\/\/hirdavatustasi.com\/en\/wp-json\/wp\/v2\/product\/18937\/revisions\/18940"}],"wp:featuredmedia":[{"embeddable":true,"href":"https:\/\/hirdavatustasi.com\/en\/wp-json\/wp\/v2\/media\/18938"}],"wp:attachment":[{"href":"https:\/\/hirdavatustasi.com\/en\/wp-json\/wp\/v2\/media?parent=18937"}],"wp:term":[{"taxonomy":"product_cat","embeddable":true,"href":"https:\/\/hirdavatustasi.com\/en\/wp-json\/wp\/v2\/product_cat?post=18937"},{"taxonomy":"product_tag","embeddable":true,"href":"https:\/\/hirdavatustasi.com\/en\/wp-json\/wp\/v2\/product_tag?post=18937"}],"curies":[{"name":"wp","href":"https:\/\/api.w.org\/{rel}","templated":true}]}}