{"id":19049,"date":"2024-01-07T14:59:24","date_gmt":"2024-01-07T14:59:24","guid":{"rendered":"https:\/?post_type=product&#038;p=19049"},"modified":"2024-03-30T19:36:08","modified_gmt":"2024-03-30T19:36:08","slug":"izeltas-4900003112-12li-allen-anahtar-takimi","status":"publish","type":"product","link":"https:\/\/hirdavatustasi.com\/en\/urun\/izeltas-4900003112-12li-allen-anahtar-takimi\/","title":{"rendered":"izelta\u015f 4900003112 12&#8217;Li Allen Anahtar Tak\u0131m\u0131"},"content":{"rendered":"<h1>izelta\u015f 4900003112 12&#8217;Li Allen Anahtar Tak\u0131m\u0131<\/h1>\n<p><strong>\u0130zelta\u015f 4900003112 12&#8217;li Allen Anahtar Tak\u0131m\u0131<\/strong>, \u00e7e\u015fitli vidalar\u0131n s\u0131k\u0131\u015ft\u0131r\u0131lmas\u0131 veya gev\u015fetilmesi i\u00e7in kullan\u0131lan bir alet setidir. \u0130\u015fte <strong>\u0130zelta\u015f 4900003112 12&#8217;li Allen Anahtar Tak\u0131m\u0131<\/strong> hakk\u0131nda baz\u0131 genel bilgiler:<\/p>\n<p>Par\u00e7a Say\u0131s\u0131: <strong>\u0130zelta\u015f 4900003112 Allen Anahtar Tak\u0131m\u0131<\/strong>, toplamda 12 par\u00e7adan olu\u015fur. Bu set i\u00e7erisinde farkl\u0131 boyutlarda 12 adet Allen anahtar\u0131 bulunur.<\/p>\n<p>Malzeme: Allen anahtarlar\u0131 genellikle dayan\u0131kl\u0131 ve sert \u00e7elikten \u00fcretilir. Bu malzeme, uzun s\u00fcreli kullan\u0131m i\u00e7in dayan\u0131kl\u0131l\u0131k sa\u011flar.<\/p>\n<p>Boyutlar: Set, farkl\u0131 boyutlarda Allen anahtarlar\u0131 i\u00e7erir. Bu sayede \u00e7e\u015fitli vidalar\u0131n gereksinimlerini kar\u015f\u0131lamak i\u00e7in \u00e7e\u015fitli boyutlara sahip olurlar. <strong>12<\/strong>&#8216;li Allen Anahtar Tak\u0131m\u0131, genellikle metrik boyutlarda sunulur.<\/p>\n<p>Tutma Sap\u0131: Her bir <strong>\u0130zelta\u015f 4900003112 12&#8217;li Allen Anahtar Tak\u0131m\u0131<\/strong>anahtar\u0131, kullan\u0131c\u0131n\u0131n rahat bir \u015fekilde kavrayabilmesi i\u00e7in ergonomik bir tutma sap\u0131na sahiptir. Bu, kullan\u0131c\u0131n\u0131n g\u00fcvenli ve kolay bir \u015fekilde \u00e7al\u0131\u015fmas\u0131n\u0131 sa\u011flar.<\/p>\n<p>\u00c7e\u015fitli Uygulamalar: Allen anahtarlar\u0131, geni\u015f bir uygulama yelpazesine sahiptir. Elektronik cihazlar, bisikletler, mobilyalar, otomotiv gibi bir\u00e7ok alanda kullan\u0131labilirler. Farkl\u0131 boyutlardaki anahtarlar, \u00e7e\u015fitli vidalar\u0131n s\u0131k\u0131\u015ft\u0131r\u0131lmas\u0131 veya gev\u015fetilmesi i\u00e7in kullan\u0131labilir.<\/p>\n<p><strong>\u0130zelta\u015f 4900003112 12&#8217;li Allen Anahtar Tak\u0131m\u0131<\/strong>, vidalama i\u015flerinde kullan\u0131lan ve farkl\u0131 boyutlardaki Allen anahtarlar\u0131n\u0131 i\u00e7eren bir settir. Dayan\u0131kl\u0131 malzeme ve ergonomik tasar\u0131m\u0131yla kullan\u0131c\u0131lara rahatl\u0131k ve g\u00fcvenlik sa\u011flar. Bu set, \u00e7e\u015fitli projelerde vidalar\u0131n i\u015flenmesi i\u00e7in uygun bir se\u00e7enektir.<\/p>\n","protected":false},"excerpt":{"rendered":"<p>izelta\u015f 4900003112 12&#8217;Li Allen Anahtar Tak\u0131m\u0131<\/p>\n","protected":false},"featured_media":19050,"comment_status":"open","ping_status":"closed","template":"","meta":[],"product_cat":[113,146,145],"product_tag":[569],"class_list":{"0":"post-19049","1":"product","2":"type-product","3":"status-publish","4":"has-post-thumbnail","6":"product_cat-el-aletleri","7":"product_cat-allen-anahtarlar","8":"product_cat-tornavida-ve-allen-anahtarlar","9":"product_tag-izeltas-4900003112","11":"first","12":"outofstock","13":"taxable","14":"shipping-taxable","15":"product-type-simple"},"_links":{"self":[{"href":"https:\/\/hirdavatustasi.com\/en\/wp-json\/wp\/v2\/product\/19049","targetHints":{"allow":["GET"]}}],"collection":[{"href":"https:\/\/hirdavatustasi.com\/en\/wp-json\/wp\/v2\/product"}],"about":[{"href":"https:\/\/hirdavatustasi.com\/en\/wp-json\/wp\/v2\/types\/product"}],"replies":[{"embeddable":true,"href":"https:\/\/hirdavatustasi.com\/en\/wp-json\/wp\/v2\/comments?post=19049"}],"version-history":[{"count":3,"href":"https:\/\/hirdavatustasi.com\/en\/wp-json\/wp\/v2\/product\/19049\/revisions"}],"predecessor-version":[{"id":19802,"href":"https:\/\/hirdavatustasi.com\/en\/wp-json\/wp\/v2\/product\/19049\/revisions\/19802"}],"wp:featuredmedia":[{"embeddable":true,"href":"https:\/\/hirdavatustasi.com\/en\/wp-json\/wp\/v2\/media\/19050"}],"wp:attachment":[{"href":"https:\/\/hirdavatustasi.com\/en\/wp-json\/wp\/v2\/media?parent=19049"}],"wp:term":[{"taxonomy":"product_cat","embeddable":true,"href":"https:\/\/hirdavatustasi.com\/en\/wp-json\/wp\/v2\/product_cat?post=19049"},{"taxonomy":"product_tag","embeddable":true,"href":"https:\/\/hirdavatustasi.com\/en\/wp-json\/wp\/v2\/product_tag?post=19049"}],"curies":[{"name":"wp","href":"https:\/\/api.w.org\/{rel}","templated":true}]}}